{"id":989,"date":"2023-06-19T08:25:11","date_gmt":"2023-06-19T08:25:11","guid":{"rendered":"https:\/\/kunsthalthy.dk\/?page_id=989"},"modified":"2025-10-21T12:20:11","modified_gmt":"2025-10-21T10:20:11","slug":"presse","status":"publish","type":"page","link":"https:\/\/kunsthalthy.dk\/en\/presse\/","title":{"rendered":"Press"},"content":{"rendered":"<div data-elementor-type=\"wp-page\" data-elementor-id=\"989\" class=\"elementor elementor-989\" data-elementor-post-type=\"page\">\n\t\t\t\t\t\t<section class=\"elementor-section elementor-top-section elementor-element elementor-element-5d6a03d elementor-section-height-min-height elementor-section-full_width elementor-section-height-default elementor-section-items-middle\" data-id=\"5d6a03d\" data-element_type=\"section\" data-e-type=\"section\" data-settings=\"{&quot;background_background&quot;:&quot;classic&quot;}\">\n\t\t\t\t\t\t\t<div class=\"elementor-background-overlay\"><\/div>\n\t\t\t\t\t\t\t<div class=\"elementor-container elementor-column-gap-default\">\n\t\t\t\t\t<div class=\"elementor-column elementor-col-100 elementor-top-column elementor-element elementor-element-1e7f59b\" data-id=\"1e7f59b\" data-element_type=\"column\" data-e-type=\"column\">\n\t\t\t<div class=\"elementor-widget-wrap elementor-element-populated\">\n\t\t\t\t<div class=\"elementor-element elementor-element-d3395da e-flex e-con-boxed e-con e-parent\" data-id=\"d3395da\" data-element_type=\"container\" data-e-type=\"container\">\n\t\t\t\t\t<div class=\"e-con-inner\">\n\t\t\t\t<div class=\"elementor-element elementor-element-d9552f2 elementor-widget elementor-widget-heading\" data-id=\"d9552f2\" data-element_type=\"widget\" data-e-type=\"widget\" data-widget_type=\"heading.default\">\n\t\t\t\t<div class=\"elementor-widget-container\">\n\t\t\t\t\t<h2 class=\"elementor-heading-title elementor-size-default\">Press<\/h2>\t\t\t\t<\/div>\n\t\t\t\t<\/div>\n\t\t\t\t<div class=\"elementor-element elementor-element-2e2a834 elementor-widget-divider--view-line elementor-widget elementor-widget-divider\" data-id=\"2e2a834\" data-element_type=\"widget\" data-e-type=\"widget\" data-widget_type=\"divider.default\">\n\t\t\t\t<div class=\"elementor-widget-container\">\n\t\t\t\t\t\t\t<div class=\"elementor-divider\">\n\t\t\t<span class=\"elementor-divider-separator\">\n\t\t\t\t\t\t<\/span>\n\t\t<\/div>\n\t\t\t\t\t\t<\/div>\n\t\t\t\t<\/div>\n\t\t\t\t<div class=\"elementor-element elementor-element-a9636cb elementor-widget elementor-widget-text-editor\" data-id=\"a9636cb\" data-element_type=\"widget\" data-e-type=\"widget\" data-widget_type=\"text-editor.default\">\n\t\t\t\t<div class=\"elementor-widget-container\">\n\t\t\t\t\t\t\t\t\t<p>Get in touch to receive press photos of Kunsthal Thy<\/p>\t\t\t\t\t\t\t\t<\/div>\n\t\t\t\t<\/div>\n\t\t\t\t<div class=\"elementor-element elementor-element-a59e37f elementor-position-left elementor-vertical-align-middle elementor-widget elementor-widget-image-box\" data-id=\"a59e37f\" data-element_type=\"widget\" data-e-type=\"widget\" data-widget_type=\"image-box.default\">\n\t\t\t\t<div class=\"elementor-widget-container\">\n\t\t\t\t\t<div class=\"elementor-image-box-wrapper\"><figure class=\"elementor-image-box-img\"><a href=\"https:\/\/www.magasinetkunst.dk\/Home\/Detail\/MTU4Mzc%3d\" target=\"_blank\" tabindex=\"-1\"><img fetchpriority=\"high\" decoding=\"async\" width=\"782\" height=\"558\" src=\"https:\/\/kunsthalthy.dk\/wp-content\/uploads\/2025\/10\/Screenshot-2025-10-14-at-13.22.43.png\" class=\"attachment-full size-full wp-image-4985\" alt=\"Kunsthal Thy: Samtidskunst i overraskende rammer\" srcset=\"https:\/\/kunsthalthy.dk\/wp-content\/uploads\/2025\/10\/Screenshot-2025-10-14-at-13.22.43.png 782w, https:\/\/kunsthalthy.dk\/wp-content\/uploads\/2025\/10\/Screenshot-2025-10-14-at-13.22.43-300x214.png 300w, https:\/\/kunsthalthy.dk\/wp-content\/uploads\/2025\/10\/Screenshot-2025-10-14-at-13.22.43-768x548.png 768w, https:\/\/kunsthalthy.dk\/wp-content\/uploads\/2025\/10\/Screenshot-2025-10-14-at-13.22.43-18x12.png 18w\" sizes=\"(max-width: 782px) 100vw, 782px\" \/><\/a><\/figure><div class=\"elementor-image-box-content\"><h3 class=\"elementor-image-box-title\"><a href=\"https:\/\/www.magasinetkunst.dk\/Home\/Detail\/MTU4Mzc%3d\" target=\"_blank\">Kunsthal Thy: Samtidskunst i overraskende rammer<\/a><\/h3><p class=\"elementor-image-box-description\">Magasinet Kunst - 30.09.2025<\/p><\/div><\/div>\t\t\t\t<\/div>\n\t\t\t\t<\/div>\n\t\t\t\t<div class=\"elementor-element elementor-element-b9ca6b6 elementor-position-left elementor-vertical-align-middle elementor-widget elementor-widget-image-box\" data-id=\"b9ca6b6\" data-element_type=\"widget\" data-e-type=\"widget\" data-widget_type=\"image-box.default\">\n\t\t\t\t<div class=\"elementor-widget-container\">\n\t\t\t\t\t<div class=\"elementor-image-box-wrapper\"><figure class=\"elementor-image-box-img\"><a href=\"https:\/\/kunsthalthy.dk\/wp-content\/uploads\/2025\/09\/Lyttehuller.jpg\" target=\"_blank\" tabindex=\"-1\"><img decoding=\"async\" width=\"1536\" height=\"2030\" src=\"https:\/\/kunsthalthy.dk\/wp-content\/uploads\/2025\/09\/Lyttehuller.jpg\" class=\"attachment-full size-full wp-image-4964\" alt=\"\" srcset=\"https:\/\/kunsthalthy.dk\/wp-content\/uploads\/2025\/09\/Lyttehuller.jpg 1536w, https:\/\/kunsthalthy.dk\/wp-content\/uploads\/2025\/09\/Lyttehuller-227x300.jpg 227w, https:\/\/kunsthalthy.dk\/wp-content\/uploads\/2025\/09\/Lyttehuller-775x1024.jpg 775w, https:\/\/kunsthalthy.dk\/wp-content\/uploads\/2025\/09\/Lyttehuller-768x1015.jpg 768w, https:\/\/kunsthalthy.dk\/wp-content\/uploads\/2025\/09\/Lyttehuller-1162x1536.jpg 1162w, https:\/\/kunsthalthy.dk\/wp-content\/uploads\/2025\/09\/Lyttehuller-9x12.jpg 9w\" sizes=\"(max-width: 1536px) 100vw, 1536px\" \/><\/a><\/figure><div class=\"elementor-image-box-content\"><h3 class=\"elementor-image-box-title\"><a href=\"https:\/\/kunsthalthy.dk\/wp-content\/uploads\/2025\/09\/Lyttehuller.jpg\" target=\"_blank\">Lyttehuller<\/a><\/h3><p class=\"elementor-image-box-description\">Nordjyske - 30.09.2025<\/p><\/div><\/div>\t\t\t\t<\/div>\n\t\t\t\t<\/div>\n\t\t\t\t<div class=\"elementor-element elementor-element-6651bd3 elementor-position-left elementor-vertical-align-middle elementor-widget elementor-widget-image-box\" data-id=\"6651bd3\" data-element_type=\"widget\" data-e-type=\"widget\" data-widget_type=\"image-box.default\">\n\t\t\t\t<div class=\"elementor-widget-container\">\n\t\t\t\t\t<div class=\"elementor-image-box-wrapper\"><figure class=\"elementor-image-box-img\"><a href=\"https:\/\/kunstkritikk.dk\/regnvade-glimt-i-ojet\/\" target=\"_blank\" tabindex=\"-1\"><img decoding=\"async\" width=\"1258\" height=\"840\" src=\"https:\/\/kunsthalthy.dk\/wp-content\/uploads\/2025\/09\/Regnvade-glimt-i-ojet.jpeg\" class=\"attachment-full size-full wp-image-4963\" alt=\"\" srcset=\"https:\/\/kunsthalthy.dk\/wp-content\/uploads\/2025\/09\/Regnvade-glimt-i-ojet.jpeg 1258w, https:\/\/kunsthalthy.dk\/wp-content\/uploads\/2025\/09\/Regnvade-glimt-i-ojet-300x200.jpeg 300w, https:\/\/kunsthalthy.dk\/wp-content\/uploads\/2025\/09\/Regnvade-glimt-i-ojet-1024x684.jpeg 1024w, https:\/\/kunsthalthy.dk\/wp-content\/uploads\/2025\/09\/Regnvade-glimt-i-ojet-768x513.jpeg 768w, https:\/\/kunsthalthy.dk\/wp-content\/uploads\/2025\/09\/Regnvade-glimt-i-ojet-18x12.jpeg 18w\" sizes=\"(max-width: 1258px) 100vw, 1258px\" \/><\/a><\/figure><div class=\"elementor-image-box-content\"><h3 class=\"elementor-image-box-title\"><a href=\"https:\/\/kunstkritikk.dk\/regnvade-glimt-i-ojet\/\" target=\"_blank\">Regnv\u00e5de glimt i \u00f8jet<\/a><\/h3><p class=\"elementor-image-box-description\">Kunstkritikk - 29.04.25<\/p><\/div><\/div>\t\t\t\t<\/div>\n\t\t\t\t<\/div>\n\t\t\t\t<div class=\"elementor-element elementor-element-9439fdd elementor-position-left elementor-vertical-align-middle elementor-widget elementor-widget-image-box\" data-id=\"9439fdd\" data-element_type=\"widget\" data-e-type=\"widget\" data-widget_type=\"image-box.default\">\n\t\t\t\t<div class=\"elementor-widget-container\">\n\t\t\t\t\t<div class=\"elementor-image-box-wrapper\"><figure class=\"elementor-image-box-img\"><a href=\"https:\/\/kunsthalthy.dk\/wp-content\/uploads\/2025\/10\/Kunstavisen.jpg\" target=\"_blank\" tabindex=\"-1\"><img loading=\"lazy\" decoding=\"async\" width=\"2048\" height=\"1483\" src=\"https:\/\/kunsthalthy.dk\/wp-content\/uploads\/2025\/10\/Kunstavisen.jpg\" class=\"attachment-full size-full wp-image-4981\" alt=\"\" srcset=\"https:\/\/kunsthalthy.dk\/wp-content\/uploads\/2025\/10\/Kunstavisen.jpg 2048w, https:\/\/kunsthalthy.dk\/wp-content\/uploads\/2025\/10\/Kunstavisen-300x217.jpg 300w, https:\/\/kunsthalthy.dk\/wp-content\/uploads\/2025\/10\/Kunstavisen-1024x742.jpg 1024w, https:\/\/kunsthalthy.dk\/wp-content\/uploads\/2025\/10\/Kunstavisen-768x556.jpg 768w, https:\/\/kunsthalthy.dk\/wp-content\/uploads\/2025\/10\/Kunstavisen-1536x1112.jpg 1536w, https:\/\/kunsthalthy.dk\/wp-content\/uploads\/2025\/10\/Kunstavisen-18x12.jpg 18w\" sizes=\"(max-width: 2048px) 100vw, 2048px\" \/><\/a><\/figure><div class=\"elementor-image-box-content\"><h3 class=\"elementor-image-box-title\"><a href=\"https:\/\/kunsthalthy.dk\/wp-content\/uploads\/2025\/10\/Kunstavisen.jpg\" target=\"_blank\">Regn, sol og snegle<\/a><\/h3><p class=\"elementor-image-box-description\">Kunstavisen - 01.04.2025<\/p><\/div><\/div>\t\t\t\t<\/div>\n\t\t\t\t<\/div>\n\t\t\t\t<div class=\"elementor-element elementor-element-b029bd8 elementor-position-left elementor-vertical-align-middle elementor-widget elementor-widget-image-box\" data-id=\"b029bd8\" data-element_type=\"widget\" data-e-type=\"widget\" data-widget_type=\"image-box.default\">\n\t\t\t\t<div class=\"elementor-widget-container\">\n\t\t\t\t\t<div class=\"elementor-image-box-wrapper\"><figure class=\"elementor-image-box-img\"><a href=\"https:\/\/rasmusjohannsen.com\/Katedralen-i-Thy\" target=\"_blank\" tabindex=\"-1\"><img loading=\"lazy\" decoding=\"async\" width=\"480\" height=\"640\" src=\"https:\/\/kunsthalthy.dk\/wp-content\/uploads\/2025\/01\/IMG_4737.webp\" class=\"attachment-full size-full wp-image-4073\" alt=\"Katedralen i Thy in Weekendavisen 19.07.2024\" srcset=\"https:\/\/kunsthalthy.dk\/wp-content\/uploads\/2025\/01\/IMG_4737.webp 480w, https:\/\/kunsthalthy.dk\/wp-content\/uploads\/2025\/01\/IMG_4737-225x300.webp 225w, https:\/\/kunsthalthy.dk\/wp-content\/uploads\/2025\/01\/IMG_4737-9x12.webp 9w\" sizes=\"(max-width: 480px) 100vw, 480px\" \/><\/a><\/figure><div class=\"elementor-image-box-content\"><h3 class=\"elementor-image-box-title\"><a href=\"https:\/\/rasmusjohannsen.com\/Katedralen-i-Thy\" target=\"_blank\">Katedralen i Thy <\/a><\/h3><p class=\"elementor-image-box-description\">Weekendavisen | 19. juli 2024<\/p><\/div><\/div>\t\t\t\t<\/div>\n\t\t\t\t<\/div>\n\t\t\t\t<div class=\"elementor-element elementor-element-a8370aa elementor-position-left elementor-vertical-align-middle elementor-widget elementor-widget-image-box\" data-id=\"a8370aa\" data-element_type=\"widget\" data-e-type=\"widget\" data-widget_type=\"image-box.default\">\n\t\t\t\t<div class=\"elementor-widget-container\">\n\t\t\t\t\t<div class=\"elementor-image-box-wrapper\"><figure class=\"elementor-image-box-img\"><a href=\"https:\/\/www.thisted.dk\/nyheder\/2024\/juli\/kunst-som-ventil\" target=\"_blank\" tabindex=\"-1\"><img loading=\"lazy\" decoding=\"async\" width=\"640\" height=\"336\" src=\"https:\/\/kunsthalthy.dk\/wp-content\/uploads\/2025\/01\/DSC09444.webp\" class=\"attachment-full size-full wp-image-4069\" alt=\"Kunst som ventil, Thisted Kommune, 05.07.2024\" srcset=\"https:\/\/kunsthalthy.dk\/wp-content\/uploads\/2025\/01\/DSC09444.webp 640w, https:\/\/kunsthalthy.dk\/wp-content\/uploads\/2025\/01\/DSC09444-300x158.webp 300w, https:\/\/kunsthalthy.dk\/wp-content\/uploads\/2025\/01\/DSC09444-18x9.webp 18w\" sizes=\"(max-width: 640px) 100vw, 640px\" \/><\/a><\/figure><div class=\"elementor-image-box-content\"><h3 class=\"elementor-image-box-title\"><a href=\"https:\/\/www.thisted.dk\/nyheder\/2024\/juli\/kunst-som-ventil\" target=\"_blank\">Kunst som ventil<\/a><\/h3><p class=\"elementor-image-box-description\">Thisted Kommune | 05. juli 2024<\/p><\/div><\/div>\t\t\t\t<\/div>\n\t\t\t\t<\/div>\n\t\t\t\t<div class=\"elementor-element elementor-element-c43af30 elementor-position-left elementor-vertical-align-middle elementor-widget elementor-widget-image-box\" data-id=\"c43af30\" data-element_type=\"widget\" data-e-type=\"widget\" data-widget_type=\"image-box.default\">\n\t\t\t\t<div class=\"elementor-widget-container\">\n\t\t\t\t\t<div class=\"elementor-image-box-wrapper\"><figure class=\"elementor-image-box-img\"><a href=\"https:\/\/www.tvmidtvest.dk\/thisted\/taenker-i-andre-kasser-nicholas-og-klassen-udfordrer-kunsten-i-kunsthal-thy\" target=\"_blank\" tabindex=\"-1\"><img loading=\"lazy\" decoding=\"async\" width=\"1100\" height=\"550\" src=\"https:\/\/kunsthalthy.dk\/wp-content\/uploads\/2023\/10\/tvmidtvest-1.png\" class=\"attachment-full size-full wp-image-2923\" alt=\"tvmidtvest\" srcset=\"https:\/\/kunsthalthy.dk\/wp-content\/uploads\/2023\/10\/tvmidtvest-1.png 1100w, https:\/\/kunsthalthy.dk\/wp-content\/uploads\/2023\/10\/tvmidtvest-1-300x150.png 300w, https:\/\/kunsthalthy.dk\/wp-content\/uploads\/2023\/10\/tvmidtvest-1-1024x512.png 1024w, https:\/\/kunsthalthy.dk\/wp-content\/uploads\/2023\/10\/tvmidtvest-1-768x384.png 768w\" sizes=\"(max-width: 1100px) 100vw, 1100px\" \/><\/a><\/figure><div class=\"elementor-image-box-content\"><h3 class=\"elementor-image-box-title\"><a href=\"https:\/\/www.tvmidtvest.dk\/thisted\/taenker-i-andre-kasser-nicholas-og-klassen-udfordrer-kunsten-i-kunsthal-thy\" target=\"_blank\">T\u00e6nker i andre kasser: Nicholas og klassen udfordrer kunsten i Kunsthal Thy<\/a><\/h3><p class=\"elementor-image-box-description\">TV Midtvest | 05. oktober 2023<\/p><\/div><\/div>\t\t\t\t<\/div>\n\t\t\t\t<\/div>\n\t\t\t\t<div class=\"elementor-element elementor-element-8077705 elementor-position-left elementor-vertical-align-middle elementor-widget elementor-widget-image-box\" data-id=\"8077705\" data-element_type=\"widget\" data-e-type=\"widget\" data-widget_type=\"image-box.default\">\n\t\t\t\t<div class=\"elementor-widget-container\">\n\t\t\t\t\t<div class=\"elementor-image-box-wrapper\"><figure class=\"elementor-image-box-img\"><a href=\"https:\/\/kulturmonitor.dk\/kunst-kulturarv\/art9426244\/Ny-kunsthal-sl%C3%A5r-d%C3%B8rene-op-p%C3%A5-Danmarks-%C3%A6ldste-bondeg%C3%A5rd\" target=\"_blank\" tabindex=\"-1\"><img loading=\"lazy\" decoding=\"async\" width=\"960\" height=\"540\" src=\"https:\/\/kunsthalthy.dk\/wp-content\/uploads\/2023\/07\/Kulturmonitor.png\" class=\"attachment-full size-full wp-image-2444\" alt=\"Kulturmonitor\" srcset=\"https:\/\/kunsthalthy.dk\/wp-content\/uploads\/2023\/07\/Kulturmonitor.png 960w, https:\/\/kunsthalthy.dk\/wp-content\/uploads\/2023\/07\/Kulturmonitor-300x169.png 300w, https:\/\/kunsthalthy.dk\/wp-content\/uploads\/2023\/07\/Kulturmonitor-768x432.png 768w\" sizes=\"(max-width: 960px) 100vw, 960px\" \/><\/a><\/figure><div class=\"elementor-image-box-content\"><h3 class=\"elementor-image-box-title\"><a href=\"https:\/\/kulturmonitor.dk\/kunst-kulturarv\/art9426244\/Ny-kunsthal-sl%C3%A5r-d%C3%B8rene-op-p%C3%A5-Danmarks-%C3%A6ldste-bondeg%C3%A5rd\" target=\"_blank\">Ny kunsthal sl\u00e5r d\u00f8rene op p\u00e5 Danmarks \u00e6ldste bondeg\u00e5rd<\/a><\/h3><p class=\"elementor-image-box-description\">Kulturmonitor | 03. juli 2023<\/p><\/div><\/div>\t\t\t\t<\/div>\n\t\t\t\t<\/div>\n\t\t\t\t<div class=\"elementor-element elementor-element-426aff6 elementor-position-left elementor-vertical-align-middle elementor-widget elementor-widget-image-box\" data-id=\"426aff6\" data-element_type=\"widget\" data-e-type=\"widget\" data-widget_type=\"image-box.default\">\n\t\t\t\t<div class=\"elementor-widget-container\">\n\t\t\t\t\t<div class=\"elementor-image-box-wrapper\"><figure class=\"elementor-image-box-img\"><a href=\"https:\/\/kunsten.nu\/journal\/kunsthal-for-samtidskunst-aabner-i-danmarks-aeldste-bondegaard-i-thy\/\" target=\"_blank\" tabindex=\"-1\"><img loading=\"lazy\" decoding=\"async\" width=\"604\" height=\"256\" src=\"https:\/\/kunsthalthy.dk\/wp-content\/uploads\/2023\/07\/kunsten.nu_.png\" class=\"attachment-full size-full wp-image-2445\" alt=\"\" srcset=\"https:\/\/kunsthalthy.dk\/wp-content\/uploads\/2023\/07\/kunsten.nu_.png 604w, https:\/\/kunsthalthy.dk\/wp-content\/uploads\/2023\/07\/kunsten.nu_-300x127.png 300w\" sizes=\"(max-width: 604px) 100vw, 604px\" \/><\/a><\/figure><div class=\"elementor-image-box-content\"><h3 class=\"elementor-image-box-title\"><a href=\"https:\/\/kunsten.nu\/journal\/kunsthal-for-samtidskunst-aabner-i-danmarks-aeldste-bondegaard-i-thy\/\" target=\"_blank\">Kunsthal for samtidskunst \u00e5bner i Danmarks \u00e6ldste bondeg\u00e5rd i Thy<\/a><\/h3><p class=\"elementor-image-box-description\">kunsten.nu | 29. juni 2023<\/p><\/div><\/div>\t\t\t\t<\/div>\n\t\t\t\t<\/div>\n\t\t\t\t<div class=\"elementor-element elementor-element-eb6b706 elementor-position-left elementor-vertical-align-middle elementor-widget elementor-widget-image-box\" data-id=\"eb6b706\" data-element_type=\"widget\" data-e-type=\"widget\" data-widget_type=\"image-box.default\">\n\t\t\t\t<div class=\"elementor-widget-container\">\n\t\t\t\t\t<div class=\"elementor-image-box-wrapper\"><figure class=\"elementor-image-box-img\"><a href=\"https:\/\/nordjyske.dk\/nyheder\/kultur\/gaarden-er-danmarks-aeldste-men-dens-lade-faar-nu-et-nyt-og-helt-moderne-formaal\/4433948\" target=\"_blank\" tabindex=\"-1\"><img loading=\"lazy\" decoding=\"async\" width=\"360\" height=\"230\" src=\"https:\/\/kunsthalthy.dk\/wp-content\/uploads\/2023\/07\/nordjyske-360.jpg\" class=\"attachment-full size-full wp-image-2469\" alt=\"Nordjyske\" srcset=\"https:\/\/kunsthalthy.dk\/wp-content\/uploads\/2023\/07\/nordjyske-360.jpg 360w, https:\/\/kunsthalthy.dk\/wp-content\/uploads\/2023\/07\/nordjyske-360-300x192.jpg 300w\" sizes=\"(max-width: 360px) 100vw, 360px\" \/><\/a><\/figure><div class=\"elementor-image-box-content\"><h3 class=\"elementor-image-box-title\"><a href=\"https:\/\/nordjyske.dk\/nyheder\/kultur\/gaarden-er-danmarks-aeldste-men-dens-lade-faar-nu-et-nyt-og-helt-moderne-formaal\/4433948\" target=\"_blank\">G\u00e5rden er Danmarks \u00e6ldste. Men dens lade f\u00e5r nu et nyt og helt moderne form\u00e5l<\/a><\/h3><p class=\"elementor-image-box-description\">Nordjyske | 16. juni 2023<\/p><\/div><\/div>\t\t\t\t<\/div>\n\t\t\t\t<\/div>\n\t\t\t\t<div class=\"elementor-element elementor-element-fc08ac4 elementor-position-left elementor-vertical-align-middle elementor-widget elementor-widget-image-box\" data-id=\"fc08ac4\" data-element_type=\"widget\" data-e-type=\"widget\" data-widget_type=\"image-box.default\">\n\t\t\t\t<div class=\"elementor-widget-container\">\n\t\t\t\t\t<div class=\"elementor-image-box-wrapper\"><figure class=\"elementor-image-box-img\"><a href=\"https:\/\/www.instagram.com\/p\/CuTZvgIoOZf\/\" target=\"_blank\" tabindex=\"-1\"><img loading=\"lazy\" decoding=\"async\" width=\"700\" height=\"400\" src=\"https:\/\/kunsthalthy.dk\/wp-content\/uploads\/2023\/07\/Statens-Kunstfond-1.png\" class=\"attachment-full size-full wp-image-2447\" alt=\"\" srcset=\"https:\/\/kunsthalthy.dk\/wp-content\/uploads\/2023\/07\/Statens-Kunstfond-1.png 700w, https:\/\/kunsthalthy.dk\/wp-content\/uploads\/2023\/07\/Statens-Kunstfond-1-300x171.png 300w\" sizes=\"(max-width: 700px) 100vw, 700px\" \/><\/a><\/figure><div class=\"elementor-image-box-content\"><h3 class=\"elementor-image-box-title\"><a href=\"https:\/\/www.instagram.com\/p\/CuTZvgIoOZf\/\" target=\"_blank\">I en gammel lade i Thy er halm og husdyr skiftet ud med mannequiner og malerier<\/a><\/h3><p class=\"elementor-image-box-description\">Statens Kunstfond | Instagram<\/p><\/div><\/div>\t\t\t\t<\/div>\n\t\t\t\t<\/div>\n\t\t\t\t\t<\/div>\n\t\t\t\t<\/div>\n\t\t<div class=\"elementor-element elementor-element-5fb34ef e-flex e-con-boxed e-con e-parent\" data-id=\"5fb34ef\" data-element_type=\"container\" data-e-type=\"container\">\n\t\t\t\t\t<div class=\"e-con-inner\">\n\t\t\t\t<div class=\"elementor-element elementor-element-83a3558 elementor-widget elementor-widget-heading\" data-id=\"83a3558\" data-element_type=\"widget\" data-e-type=\"widget\" data-widget_type=\"heading.default\">\n\t\t\t\t<div class=\"elementor-widget-container\">\n\t\t\t\t\t<h2 class=\"elementor-heading-title elementor-size-default\">Logo<\/h2>\t\t\t\t<\/div>\n\t\t\t\t<\/div>\n\t\t\t\t<div class=\"elementor-element elementor-element-f258765 elementor-widget-divider--view-line elementor-widget elementor-widget-divider\" data-id=\"f258765\" data-element_type=\"widget\" data-e-type=\"widget\" data-widget_type=\"divider.default\">\n\t\t\t\t<div class=\"elementor-widget-container\">\n\t\t\t\t\t\t\t<div class=\"elementor-divider\">\n\t\t\t<span class=\"elementor-divider-separator\">\n\t\t\t\t\t\t<\/span>\n\t\t<\/div>\n\t\t\t\t\t\t<\/div>\n\t\t\t\t<\/div>\n\t\t\t\t<div class=\"elementor-element elementor-element-3efb109 elementor-widget elementor-widget-text-editor\" data-id=\"3efb109\" data-element_type=\"widget\" data-e-type=\"widget\" data-widget_type=\"text-editor.default\">\n\t\t\t\t<div class=\"elementor-widget-container\">\n\t\t\t\t\t\t\t\t\t<p><a href=\"https:\/\/kunsthalthy.dk\/wp-content\/uploads\/2025\/01\/KunsthalThy_Logo.zip\" target=\"_blank\" rel=\"noopener\">Download logo material<\/a><\/p>\t\t\t\t\t\t\t\t<\/div>\n\t\t\t\t<\/div>\n\t\t\t\t\t<\/div>\n\t\t\t\t<\/div>\n\t\t\t\t\t<\/div>\n\t\t<\/div>\n\t\t\t\t\t<\/div>\n\t\t<\/section>\n\t\t\t\t<\/div>","protected":false},"excerpt":{"rendered":"<p>Presse Kontakt os for at f\u00e5 tilsendt pressefotos af Kunsthal Thy. Kunsthal Thy: Samtidskunst i overraskende rammer Magasinet Kunst &#8211; 30.09.2025 Lyttehuller Nordjyske &#8211; 30.09.2025 Regnv\u00e5de glimt i \u00f8jet Kunstkritikk &#8211; 29.04.25 Regn, sol og snegle Kunstavisen &#8211; 01.04.2025 Katedralen i Thy Weekendavisen | 19. juli 2024 Kunst som ventil Thisted Kommune | 05. juli [&hellip;]<\/p>\n","protected":false},"author":1,"featured_media":0,"parent":0,"menu_order":0,"comment_status":"closed","ping_status":"closed","template":"","meta":{"nf_dc_page":"","site-sidebar-layout":"no-sidebar","site-content-layout":"page-builder","ast-site-content-layout":"default","site-content-style":"default","site-sidebar-style":"default","ast-global-header-display":"","ast-banner-title-visibility":"","ast-main-header-display":"","ast-hfb-above-header-display":"","ast-hfb-below-header-display":"","ast-hfb-mobile-header-display":"","site-post-title":"disabled","ast-breadcrumbs-content":"","ast-featured-img":"disabled","footer-sml-layout":"","ast-disable-related-posts":"","theme-transparent-header-meta":"enabled","adv-header-id-meta":"","stick-header-meta":"","header-above-stick-meta":"","header-main-stick-meta":"","header-below-stick-meta":"","astra-migrate-meta-layouts":"default","ast-page-background-enabled":"default","ast-page-background-meta":{"desktop":{"background-color":"var(--ast-global-color-4)","background-image":"","background-repeat":"repeat","background-position":"center center","background-size":"auto","background-attachment":"scroll","background-type":"","background-media":"","overlay-type":"","overlay-color":"","overlay-opacity":"","overlay-gradient":""},"tablet":{"background-color":"","background-image":"","background-repeat":"repeat","background-position":"center center","background-size":"auto","background-attachment":"scroll","background-type":"","background-media":"","overlay-type":"","overlay-color":"","overlay-opacity":"","overlay-gradient":""},"mobile":{"background-color":"","background-image":"","background-repeat":"repeat","background-position":"center center","background-size":"auto","background-attachment":"scroll","background-type":"","background-media":"","overlay-type":"","overlay-color":"","overlay-opacity":"","overlay-gradient":""}},"ast-content-background-meta":{"desktop":{"background-color":"var(--ast-global-color-5)","background-image":"","background-repeat":"repeat","background-position":"center center","background-size":"auto","background-attachment":"scroll","background-type":"","background-media":"","overlay-type":"","overlay-color":"","overlay-opacity":"","overlay-gradient":""},"tablet":{"background-color":"var(--ast-global-color-5)","background-image":"","background-repeat":"repeat","background-position":"center center","background-size":"auto","background-attachment":"scroll","background-type":"","background-media":"","overlay-type":"","overlay-color":"","overlay-opacity":"","overlay-gradient":""},"mobile":{"background-color":"var(--ast-global-color-5)","background-image":"","background-repeat":"repeat","background-position":"center center","background-size":"auto","background-attachment":"scroll","background-type":"","background-media":"","overlay-type":"","overlay-color":"","overlay-opacity":"","overlay-gradient":""}},"h5ap_radio_sources":[],"footnotes":""},"class_list":["post-989","page","type-page","status-publish","hentry"],"_links":{"self":[{"href":"https:\/\/kunsthalthy.dk\/en\/wp-json\/wp\/v2\/pages\/989","targetHints":{"allow":["GET"]}}],"collection":[{"href":"https:\/\/kunsthalthy.dk\/en\/wp-json\/wp\/v2\/pages"}],"about":[{"href":"https:\/\/kunsthalthy.dk\/en\/wp-json\/wp\/v2\/types\/page"}],"author":[{"embeddable":true,"href":"https:\/\/kunsthalthy.dk\/en\/wp-json\/wp\/v2\/users\/1"}],"replies":[{"embeddable":true,"href":"https:\/\/kunsthalthy.dk\/en\/wp-json\/wp\/v2\/comments?post=989"}],"version-history":[{"count":5,"href":"https:\/\/kunsthalthy.dk\/en\/wp-json\/wp\/v2\/pages\/989\/revisions"}],"predecessor-version":[{"id":4988,"href":"https:\/\/kunsthalthy.dk\/en\/wp-json\/wp\/v2\/pages\/989\/revisions\/4988"}],"wp:attachment":[{"href":"https:\/\/kunsthalthy.dk\/en\/wp-json\/wp\/v2\/media?parent=989"}],"curies":[{"name":"wp","href":"https:\/\/api.w.org\/{rel}","templated":true}]}}