{"id":934,"date":"2023-06-19T07:40:18","date_gmt":"2023-06-19T07:40:18","guid":{"rendered":"https:\/\/kunsthalthy.dk\/?page_id=934"},"modified":"2026-03-03T13:53:32","modified_gmt":"2026-03-03T12:53:32","slug":"om-kunsthal-thy","status":"publish","type":"page","link":"https:\/\/kunsthalthy.dk\/en\/om-kunsthal-thy\/","title":{"rendered":"About Kunsthal Thy"},"content":{"rendered":"<div data-elementor-type=\"wp-page\" data-elementor-id=\"934\" class=\"elementor elementor-934\" data-elementor-post-type=\"page\">\n\t\t\t\t\t\t<section class=\"elementor-section elementor-top-section elementor-element elementor-element-c50838b elementor-section-height-min-height elementor-section-full_width elementor-section-height-default elementor-section-items-middle\" data-id=\"c50838b\" data-element_type=\"section\" data-e-type=\"section\" data-settings=\"{&quot;background_background&quot;:&quot;classic&quot;}\">\n\t\t\t\t\t\t\t<div class=\"elementor-background-overlay\"><\/div>\n\t\t\t\t\t\t\t<div class=\"elementor-container elementor-column-gap-default\">\n\t\t\t\t\t<div class=\"elementor-column elementor-col-100 elementor-top-column elementor-element elementor-element-55b0429\" data-id=\"55b0429\" data-element_type=\"column\" data-e-type=\"column\">\n\t\t\t<div class=\"elementor-widget-wrap elementor-element-populated\">\n\t\t\t\t<div class=\"elementor-element elementor-element-5b06b9f e-flex e-con-boxed e-con e-parent\" data-id=\"5b06b9f\" data-element_type=\"container\" data-e-type=\"container\">\n\t\t\t\t\t<div class=\"e-con-inner\">\n\t\t\t\t<div class=\"elementor-element elementor-element-65d070d elementor-widget elementor-widget-heading\" data-id=\"65d070d\" data-element_type=\"widget\" data-e-type=\"widget\" data-widget_type=\"heading.default\">\n\t\t\t\t<div class=\"elementor-widget-container\">\n\t\t\t\t\t<h2 class=\"elementor-heading-title elementor-size-default\">About Kunsthal Thy<\/h2>\t\t\t\t<\/div>\n\t\t\t\t<\/div>\n\t\t\t\t<div class=\"elementor-element elementor-element-bbf880e elementor-widget-divider--view-line elementor-widget elementor-widget-divider\" data-id=\"bbf880e\" data-element_type=\"widget\" data-e-type=\"widget\" data-widget_type=\"divider.default\">\n\t\t\t\t<div class=\"elementor-widget-container\">\n\t\t\t\t\t\t\t<div class=\"elementor-divider\">\n\t\t\t<span class=\"elementor-divider-separator\">\n\t\t\t\t\t\t<\/span>\n\t\t<\/div>\n\t\t\t\t\t\t<\/div>\n\t\t\t\t<\/div>\n\t\t\t\t<div class=\"elementor-element elementor-element-ddf0b14 elementor-widget elementor-widget-text-editor\" data-id=\"ddf0b14\" data-element_type=\"widget\" data-e-type=\"widget\" data-widget_type=\"text-editor.default\">\n\t\t\t\t<div class=\"elementor-widget-container\">\n\t\t\t\t\t\t\t\t\t<p>Kunsthal Thy is an exhibition venue for contemporary art at a high level. From 2026, the art hall will be located in a 400 m\u00b2 space in the barn of the manor Boddum Bisgaard.<\/p><p>The exhibition venue focuses on sculpture, video, and installation, works that can engage directly with the distinctive space. Kunsthal Thy opened in 2023, initiated by visual artist Rasmus S\u00f8ndergaard Johannsen, who also serves as artistic director. In 2026, Kunsthal Thy is supported by the foundations listed below.<\/p><p>In connection with individual exhibitions, activities are organized in collaboration with partners so that the art is communicated to and used by children and young people with special needs as well as adults with mental health vulnerabilities. There is also close collaboration with local stakeholders and volunteers, with an emphasis on strong anchoring in the local community.<\/p><p>The exhibiting visual artists are paid fees in accordance with the recommended minimum fees agreed between the Organisation of Danish Museums and the Danish Artists\u2019 Union.<\/p>\t\t\t\t\t\t\t\t<\/div>\n\t\t\t\t<\/div>\n\t\t\t\t\t<\/div>\n\t\t\t\t<\/div>\n\t\t\t\t\t<\/div>\n\t\t<\/div>\n\t\t\t\t\t<\/div>\n\t\t<\/section>\n\t\t\t\t<section class=\"elementor-section elementor-top-section elementor-element elementor-element-5d6a03d elementor-section-height-min-height elementor-section-full_width elementor-section-height-default elementor-section-items-middle\" data-id=\"5d6a03d\" data-element_type=\"section\" data-e-type=\"section\" data-settings=\"{&quot;background_background&quot;:&quot;classic&quot;}\">\n\t\t\t\t\t\t\t<div class=\"elementor-background-overlay\"><\/div>\n\t\t\t\t\t\t\t<div class=\"elementor-container elementor-column-gap-default\">\n\t\t\t\t\t<div class=\"elementor-column elementor-col-100 elementor-top-column elementor-element elementor-element-1e7f59b\" data-id=\"1e7f59b\" data-element_type=\"column\" data-e-type=\"column\">\n\t\t\t<div class=\"elementor-widget-wrap elementor-element-populated\">\n\t\t\t\t<div class=\"elementor-element elementor-element-56d2582 e-con-full e-flex e-con e-parent\" data-id=\"56d2582\" data-element_type=\"container\" data-e-type=\"container\">\n\t\t\t\t<div class=\"elementor-element elementor-element-d9552f2 elementor-widget elementor-widget-heading\" data-id=\"d9552f2\" data-element_type=\"widget\" data-e-type=\"widget\" data-widget_type=\"heading.default\">\n\t\t\t\t<div class=\"elementor-widget-container\">\n\t\t\t\t\t<h2 class=\"elementor-heading-title elementor-size-default\">Kunsthal Thy er st\u00f8ttet af<\/h2>\t\t\t\t<\/div>\n\t\t\t\t<\/div>\n\t\t\t\t<div class=\"elementor-element elementor-element-2e2a834 elementor-widget-divider--view-line elementor-widget elementor-widget-divider\" data-id=\"2e2a834\" data-element_type=\"widget\" data-e-type=\"widget\" data-widget_type=\"divider.default\">\n\t\t\t\t<div class=\"elementor-widget-container\">\n\t\t\t\t\t\t\t<div class=\"elementor-divider\">\n\t\t\t<span class=\"elementor-divider-separator\">\n\t\t\t\t\t\t<\/span>\n\t\t<\/div>\n\t\t\t\t\t\t<\/div>\n\t\t\t\t<\/div>\n\t\t<div class=\"elementor-element elementor-element-b532ecf e-con-full e-grid e-con e-child\" data-id=\"b532ecf\" data-element_type=\"container\" data-e-type=\"container\">\n\t\t<div class=\"elementor-element elementor-element-52b189d e-flex e-con-boxed e-con e-child\" data-id=\"52b189d\" data-element_type=\"container\" data-e-type=\"container\">\n\t\t\t\t\t<div class=\"e-con-inner\">\n\t\t\t\t<div class=\"elementor-element elementor-element-4ca063e elementor-widget elementor-widget-image\" data-id=\"4ca063e\" data-element_type=\"widget\" data-e-type=\"widget\" data-widget_type=\"image.default\">\n\t\t\t\t<div class=\"elementor-widget-container\">\n\t\t\t\t\t\t\t\t\t\t\t\t\t\t\t<img fetchpriority=\"high\" decoding=\"async\" width=\"1920\" height=\"657\" src=\"https:\/\/kunsthalthy.dk\/wp-content\/uploads\/2025\/01\/Augustinus_Fonden_logo_gold_RGB_2024.webp\" class=\"attachment-full size-full wp-image-4082\" alt=\"\" srcset=\"https:\/\/kunsthalthy.dk\/wp-content\/uploads\/2025\/01\/Augustinus_Fonden_logo_gold_RGB_2024.webp 1920w, https:\/\/kunsthalthy.dk\/wp-content\/uploads\/2025\/01\/Augustinus_Fonden_logo_gold_RGB_2024-300x103.webp 300w, https:\/\/kunsthalthy.dk\/wp-content\/uploads\/2025\/01\/Augustinus_Fonden_logo_gold_RGB_2024-1024x350.webp 1024w, https:\/\/kunsthalthy.dk\/wp-content\/uploads\/2025\/01\/Augustinus_Fonden_logo_gold_RGB_2024-768x263.webp 768w, https:\/\/kunsthalthy.dk\/wp-content\/uploads\/2025\/01\/Augustinus_Fonden_logo_gold_RGB_2024-1536x526.webp 1536w, https:\/\/kunsthalthy.dk\/wp-content\/uploads\/2025\/01\/Augustinus_Fonden_logo_gold_RGB_2024-18x6.webp 18w\" sizes=\"(max-width: 1920px) 100vw, 1920px\" \/>\t\t\t\t\t\t\t\t\t\t\t\t\t\t\t<\/div>\n\t\t\t\t<\/div>\n\t\t\t\t\t<\/div>\n\t\t\t\t<\/div>\n\t\t<div class=\"elementor-element elementor-element-dcf65de e-con-full e-flex e-con e-child\" data-id=\"dcf65de\" data-element_type=\"container\" data-e-type=\"container\">\n\t\t\t\t<div class=\"elementor-element elementor-element-e4e0e44 elementor-widget elementor-widget-image\" data-id=\"e4e0e44\" data-element_type=\"widget\" data-e-type=\"widget\" data-widget_type=\"image.default\">\n\t\t\t\t<div class=\"elementor-widget-container\">\n\t\t\t\t\t\t\t\t\t\t\t\t\t\t\t<img decoding=\"async\" width=\"1586\" height=\"1920\" src=\"https:\/\/kunsthalthy.dk\/wp-content\/uploads\/2025\/01\/SKF_logo_red_RGB-1.webp\" class=\"attachment-full size-full wp-image-4086\" alt=\"\" srcset=\"https:\/\/kunsthalthy.dk\/wp-content\/uploads\/2025\/01\/SKF_logo_red_RGB-1.webp 1586w, https:\/\/kunsthalthy.dk\/wp-content\/uploads\/2025\/01\/SKF_logo_red_RGB-1-248x300.webp 248w, https:\/\/kunsthalthy.dk\/wp-content\/uploads\/2025\/01\/SKF_logo_red_RGB-1-846x1024.webp 846w, https:\/\/kunsthalthy.dk\/wp-content\/uploads\/2025\/01\/SKF_logo_red_RGB-1-768x929.webp 768w, https:\/\/kunsthalthy.dk\/wp-content\/uploads\/2025\/01\/SKF_logo_red_RGB-1-1269x1536.webp 1269w, https:\/\/kunsthalthy.dk\/wp-content\/uploads\/2025\/01\/SKF_logo_red_RGB-1-10x12.webp 10w\" sizes=\"(max-width: 1586px) 100vw, 1586px\" \/>\t\t\t\t\t\t\t\t\t\t\t\t\t\t\t<\/div>\n\t\t\t\t<\/div>\n\t\t\t\t<\/div>\n\t\t<div class=\"elementor-element elementor-element-9590aac e-flex e-con-boxed e-con e-child\" data-id=\"9590aac\" data-element_type=\"container\" data-e-type=\"container\">\n\t\t\t\t\t<div class=\"e-con-inner\">\n\t\t\t\t<div class=\"elementor-element elementor-element-6366503 elementor-widget elementor-widget-image\" data-id=\"6366503\" data-element_type=\"widget\" data-e-type=\"widget\" data-widget_type=\"image.default\">\n\t\t\t\t<div class=\"elementor-widget-container\">\n\t\t\t\t\t\t\t\t\t\t\t\t\t\t\t<img decoding=\"async\" width=\"2126\" height=\"668\" src=\"https:\/\/kunsthalthy.dk\/wp-content\/uploads\/2026\/01\/OBEL_DK_BLACK_RGB.jpg\" class=\"attachment-full size-full wp-image-5076\" alt=\"\" \/>\t\t\t\t\t\t\t\t\t\t\t\t\t\t\t<\/div>\n\t\t\t\t<\/div>\n\t\t\t\t\t<\/div>\n\t\t\t\t<\/div>\n\t\t<div class=\"elementor-element elementor-element-e9b2855 e-flex e-con-boxed e-con e-child\" data-id=\"e9b2855\" data-element_type=\"container\" data-e-type=\"container\">\n\t\t\t\t\t<div class=\"e-con-inner\">\n\t\t\t\t<div class=\"elementor-element elementor-element-f696a51 elementor-widget elementor-widget-image\" data-id=\"f696a51\" data-element_type=\"widget\" data-e-type=\"widget\" data-widget_type=\"image.default\">\n\t\t\t\t<div class=\"elementor-widget-container\">\n\t\t\t\t\t\t\t\t\t\t\t\t\t\t\t<img loading=\"lazy\" decoding=\"async\" width=\"1558\" height=\"1669\" src=\"https:\/\/kunsthalthy.dk\/wp-content\/uploads\/2025\/01\/Den_Jyske_Kunstfond_logo.webp\" class=\"attachment-full size-full wp-image-4083\" alt=\"\" srcset=\"https:\/\/kunsthalthy.dk\/wp-content\/uploads\/2025\/01\/Den_Jyske_Kunstfond_logo.webp 1558w, https:\/\/kunsthalthy.dk\/wp-content\/uploads\/2025\/01\/Den_Jyske_Kunstfond_logo-280x300.webp 280w, https:\/\/kunsthalthy.dk\/wp-content\/uploads\/2025\/01\/Den_Jyske_Kunstfond_logo-956x1024.webp 956w, https:\/\/kunsthalthy.dk\/wp-content\/uploads\/2025\/01\/Den_Jyske_Kunstfond_logo-768x823.webp 768w, https:\/\/kunsthalthy.dk\/wp-content\/uploads\/2025\/01\/Den_Jyske_Kunstfond_logo-1434x1536.webp 1434w, https:\/\/kunsthalthy.dk\/wp-content\/uploads\/2025\/01\/Den_Jyske_Kunstfond_logo-11x12.webp 11w\" sizes=\"(max-width: 1558px) 100vw, 1558px\" \/>\t\t\t\t\t\t\t\t\t\t\t\t\t\t\t<\/div>\n\t\t\t\t<\/div>\n\t\t\t\t\t<\/div>\n\t\t\t\t<\/div>\n\t\t<div class=\"elementor-element elementor-element-94d1a84 e-flex e-con-boxed e-con e-child\" data-id=\"94d1a84\" data-element_type=\"container\" data-e-type=\"container\">\n\t\t\t\t\t<div class=\"e-con-inner\">\n\t\t\t\t<div class=\"elementor-element elementor-element-6da1330 elementor-widget elementor-widget-image\" data-id=\"6da1330\" data-element_type=\"widget\" data-e-type=\"widget\" data-widget_type=\"image.default\">\n\t\t\t\t<div class=\"elementor-widget-container\">\n\t\t\t\t\t\t\t\t\t\t\t\t\t\t\t<img loading=\"lazy\" decoding=\"async\" width=\"241\" height=\"308\" src=\"https:\/\/kunsthalthy.dk\/wp-content\/uploads\/2025\/01\/Sparekassen-Thy-Fonden-Logo-CMYK-kort-version.webp\" class=\"attachment-full size-full wp-image-4153\" alt=\"\" srcset=\"https:\/\/kunsthalthy.dk\/wp-content\/uploads\/2025\/01\/Sparekassen-Thy-Fonden-Logo-CMYK-kort-version.webp 241w, https:\/\/kunsthalthy.dk\/wp-content\/uploads\/2025\/01\/Sparekassen-Thy-Fonden-Logo-CMYK-kort-version-235x300.webp 235w, https:\/\/kunsthalthy.dk\/wp-content\/uploads\/2025\/01\/Sparekassen-Thy-Fonden-Logo-CMYK-kort-version-9x12.webp 9w\" sizes=\"(max-width: 241px) 100vw, 241px\" \/>\t\t\t\t\t\t\t\t\t\t\t\t\t\t\t<\/div>\n\t\t\t\t<\/div>\n\t\t\t\t\t<\/div>\n\t\t\t\t<\/div>\n\t\t<div class=\"elementor-element elementor-element-0bfa863 e-con-full e-flex e-con e-child\" data-id=\"0bfa863\" data-element_type=\"container\" data-e-type=\"container\">\n\t\t\t\t<div class=\"elementor-element elementor-element-c44c481 elementor-widget elementor-widget-image\" data-id=\"c44c481\" data-element_type=\"widget\" data-e-type=\"widget\" data-widget_type=\"image.default\">\n\t\t\t\t<div class=\"elementor-widget-container\">\n\t\t\t\t\t\t\t\t\t\t\t\t\t\t\t<img loading=\"lazy\" decoding=\"async\" width=\"556\" height=\"133\" src=\"https:\/\/kunsthalthy.dk\/wp-content\/uploads\/2025\/01\/Louis-Hansens-Fond-Horisontal-Black.webp\" class=\"attachment-full size-full wp-image-4152\" alt=\"Louis-Hansens Fond\" srcset=\"https:\/\/kunsthalthy.dk\/wp-content\/uploads\/2025\/01\/Louis-Hansens-Fond-Horisontal-Black.webp 556w, https:\/\/kunsthalthy.dk\/wp-content\/uploads\/2025\/01\/Louis-Hansens-Fond-Horisontal-Black-300x72.webp 300w, https:\/\/kunsthalthy.dk\/wp-content\/uploads\/2025\/01\/Louis-Hansens-Fond-Horisontal-Black-18x4.webp 18w\" sizes=\"(max-width: 556px) 100vw, 556px\" \/>\t\t\t\t\t\t\t\t\t\t\t\t\t\t\t<\/div>\n\t\t\t\t<\/div>\n\t\t\t\t<div class=\"elementor-element elementor-element-b3cf55c elementor-widget elementor-widget-image\" data-id=\"b3cf55c\" data-element_type=\"widget\" data-e-type=\"widget\" data-widget_type=\"image.default\">\n\t\t\t\t<div class=\"elementor-widget-container\">\n\t\t\t\t\t\t\t\t\t\t\t\t\t\t\t<img loading=\"lazy\" decoding=\"async\" width=\"1200\" height=\"304\" src=\"https:\/\/kunsthalthy.dk\/wp-content\/uploads\/2025\/01\/William_Demant_Fonden_black.webp\" class=\"attachment-full size-full wp-image-4156\" alt=\"William_Demant_Fonden logo\" srcset=\"https:\/\/kunsthalthy.dk\/wp-content\/uploads\/2025\/01\/William_Demant_Fonden_black.webp 1200w, https:\/\/kunsthalthy.dk\/wp-content\/uploads\/2025\/01\/William_Demant_Fonden_black-300x76.webp 300w, https:\/\/kunsthalthy.dk\/wp-content\/uploads\/2025\/01\/William_Demant_Fonden_black-1024x259.webp 1024w, https:\/\/kunsthalthy.dk\/wp-content\/uploads\/2025\/01\/William_Demant_Fonden_black-768x195.webp 768w, https:\/\/kunsthalthy.dk\/wp-content\/uploads\/2025\/01\/William_Demant_Fonden_black-18x5.png 18w\" sizes=\"(max-width: 1200px) 100vw, 1200px\" \/>\t\t\t\t\t\t\t\t\t\t\t\t\t\t\t<\/div>\n\t\t\t\t<\/div>\n\t\t\t\t<\/div>\n\t\t<div class=\"elementor-element elementor-element-d7e8e17 e-con-full e-flex e-con e-child\" data-id=\"d7e8e17\" data-element_type=\"container\" data-e-type=\"container\">\n\t\t\t\t<div class=\"elementor-element elementor-element-a0b0e55 elementor-widget elementor-widget-image\" data-id=\"a0b0e55\" data-element_type=\"widget\" data-e-type=\"widget\" data-widget_type=\"image.default\">\n\t\t\t\t<div class=\"elementor-widget-container\">\n\t\t\t\t\t\t\t\t\t\t\t\t\t\t\t<img loading=\"lazy\" decoding=\"async\" width=\"2000\" height=\"221\" src=\"https:\/\/kunsthalthy.dk\/wp-content\/uploads\/2025\/01\/Thisted-Kommune-Logo.png\" class=\"attachment-full size-full wp-image-4154\" alt=\"\" srcset=\"https:\/\/kunsthalthy.dk\/wp-content\/uploads\/2025\/01\/Thisted-Kommune-Logo.png 2000w, https:\/\/kunsthalthy.dk\/wp-content\/uploads\/2025\/01\/Thisted-Kommune-Logo-300x33.webp 300w, https:\/\/kunsthalthy.dk\/wp-content\/uploads\/2025\/01\/Thisted-Kommune-Logo-1024x113.webp 1024w, https:\/\/kunsthalthy.dk\/wp-content\/uploads\/2025\/01\/Thisted-Kommune-Logo-768x85.webp 768w, https:\/\/kunsthalthy.dk\/wp-content\/uploads\/2025\/01\/Thisted-Kommune-Logo-1536x170.webp 1536w, https:\/\/kunsthalthy.dk\/wp-content\/uploads\/2025\/01\/Thisted-Kommune-Logo-18x2.webp 18w\" sizes=\"(max-width: 2000px) 100vw, 2000px\" \/>\t\t\t\t\t\t\t\t\t\t\t\t\t\t\t<\/div>\n\t\t\t\t<\/div>\n\t\t\t\t<div class=\"elementor-element elementor-element-0236996 elementor-widget elementor-widget-image\" data-id=\"0236996\" data-element_type=\"widget\" data-e-type=\"widget\" data-widget_type=\"image.default\">\n\t\t\t\t<div class=\"elementor-widget-container\">\n\t\t\t\t\t\t\t\t\t\t\t\t\t\t\t<img loading=\"lazy\" decoding=\"async\" width=\"1024\" height=\"65\" src=\"https:\/\/kunsthalthy.dk\/wp-content\/uploads\/2026\/01\/axel_muusfeldts_fond_logo_pos_rgb-1024x65.png\" class=\"attachment-large size-large wp-image-5086\" alt=\"\" srcset=\"https:\/\/kunsthalthy.dk\/wp-content\/uploads\/2026\/01\/axel_muusfeldts_fond_logo_pos_rgb-1024x65.png 1024w, https:\/\/kunsthalthy.dk\/wp-content\/uploads\/2026\/01\/axel_muusfeldts_fond_logo_pos_rgb-300x19.png 300w, https:\/\/kunsthalthy.dk\/wp-content\/uploads\/2026\/01\/axel_muusfeldts_fond_logo_pos_rgb-768x49.png 768w, https:\/\/kunsthalthy.dk\/wp-content\/uploads\/2026\/01\/axel_muusfeldts_fond_logo_pos_rgb-1536x97.png 1536w, https:\/\/kunsthalthy.dk\/wp-content\/uploads\/2026\/01\/axel_muusfeldts_fond_logo_pos_rgb-2048x129.png 2048w, https:\/\/kunsthalthy.dk\/wp-content\/uploads\/2026\/01\/axel_muusfeldts_fond_logo_pos_rgb-18x1.png 18w\" sizes=\"(max-width: 1024px) 100vw, 1024px\" \/>\t\t\t\t\t\t\t\t\t\t\t\t\t\t\t<\/div>\n\t\t\t\t<\/div>\n\t\t\t\t<\/div>\n\t\t<div class=\"elementor-element elementor-element-12352cb e-con-full e-flex e-con e-child\" data-id=\"12352cb\" data-element_type=\"container\" data-e-type=\"container\">\n\t\t\t\t<div class=\"elementor-element elementor-element-9565c02 elementor-widget elementor-widget-image\" data-id=\"9565c02\" data-element_type=\"widget\" data-e-type=\"widget\" data-widget_type=\"image.default\">\n\t\t\t\t<div class=\"elementor-widget-container\">\n\t\t\t\t\t\t\t\t\t\t\t\t\t\t\t<img loading=\"lazy\" decoding=\"async\" width=\"836\" height=\"82\" src=\"https:\/\/kunsthalthy.dk\/wp-content\/uploads\/2025\/01\/KHF_logo_sort.webp\" class=\"attachment-full size-full wp-image-4161\" alt=\"\" srcset=\"https:\/\/kunsthalthy.dk\/wp-content\/uploads\/2025\/01\/KHF_logo_sort.webp 836w, https:\/\/kunsthalthy.dk\/wp-content\/uploads\/2025\/01\/KHF_logo_sort-300x29.webp 300w, https:\/\/kunsthalthy.dk\/wp-content\/uploads\/2025\/01\/KHF_logo_sort-768x75.webp 768w, https:\/\/kunsthalthy.dk\/wp-content\/uploads\/2025\/01\/KHF_logo_sort-18x2.png 18w\" sizes=\"(max-width: 836px) 100vw, 836px\" \/>\t\t\t\t\t\t\t\t\t\t\t\t\t\t\t<\/div>\n\t\t\t\t<\/div>\n\t\t\t\t<div class=\"elementor-element elementor-element-12ef70e elementor-widget elementor-widget-image\" data-id=\"12ef70e\" data-element_type=\"widget\" data-e-type=\"widget\" data-widget_type=\"image.default\">\n\t\t\t\t<div class=\"elementor-widget-container\">\n\t\t\t\t\t\t\t\t\t\t\t\t\t\t\t<img loading=\"lazy\" decoding=\"async\" width=\"1920\" height=\"190\" src=\"https:\/\/kunsthalthy.dk\/wp-content\/uploads\/2025\/01\/Lemvigh-Muller.webp\" class=\"attachment-full size-full wp-image-4151\" alt=\"\" srcset=\"https:\/\/kunsthalthy.dk\/wp-content\/uploads\/2025\/01\/Lemvigh-Muller.webp 1920w, https:\/\/kunsthalthy.dk\/wp-content\/uploads\/2025\/01\/Lemvigh-Muller-300x30.webp 300w, https:\/\/kunsthalthy.dk\/wp-content\/uploads\/2025\/01\/Lemvigh-Muller-1024x102.webp 1024w, https:\/\/kunsthalthy.dk\/wp-content\/uploads\/2025\/01\/Lemvigh-Muller-768x76.webp 768w, https:\/\/kunsthalthy.dk\/wp-content\/uploads\/2025\/01\/Lemvigh-Muller-1536x152.webp 1536w, https:\/\/kunsthalthy.dk\/wp-content\/uploads\/2025\/01\/Lemvigh-Muller-18x2.webp 18w\" sizes=\"(max-width: 1920px) 100vw, 1920px\" \/>\t\t\t\t\t\t\t\t\t\t\t\t\t\t\t<\/div>\n\t\t\t\t<\/div>\n\t\t\t\t<\/div>\n\t\t<div class=\"elementor-element elementor-element-b4fc9c1 e-con-full e-flex e-con e-child\" data-id=\"b4fc9c1\" data-element_type=\"container\" data-e-type=\"container\">\n\t\t\t\t<div class=\"elementor-element elementor-element-081f1d3 elementor-widget elementor-widget-image\" data-id=\"081f1d3\" data-element_type=\"widget\" data-e-type=\"widget\" data-widget_type=\"image.default\">\n\t\t\t\t<div class=\"elementor-widget-container\">\n\t\t\t\t\t\t\t\t\t\t\t\t\t\t\t<img loading=\"lazy\" decoding=\"async\" width=\"1181\" height=\"689\" src=\"https:\/\/kunsthalthy.dk\/wp-content\/uploads\/2026\/01\/NCF_BLACK_RGB.jpg\" class=\"attachment-full size-full wp-image-5088\" alt=\"\" \/>\t\t\t\t\t\t\t\t\t\t\t\t\t\t\t<\/div>\n\t\t\t\t<\/div>\n\t\t\t\t<\/div>\n\t\t<div class=\"elementor-element elementor-element-2017cb4 e-con-full e-flex e-con e-child\" data-id=\"2017cb4\" data-element_type=\"container\" data-e-type=\"container\">\n\t\t\t\t<div class=\"elementor-element elementor-element-75a164e elementor-widget elementor-widget-image\" data-id=\"75a164e\" data-element_type=\"widget\" data-e-type=\"widget\" data-widget_type=\"image.default\">\n\t\t\t\t<div class=\"elementor-widget-container\">\n\t\t\t\t\t\t\t\t\t\t\t\t\t\t\t<img loading=\"lazy\" decoding=\"async\" width=\"670\" height=\"135\" src=\"https:\/\/kunsthalthy.dk\/wp-content\/uploads\/2025\/01\/LAG-Thy-Mors-Logo.webp\" class=\"attachment-full size-full wp-image-4085\" alt=\"\" srcset=\"https:\/\/kunsthalthy.dk\/wp-content\/uploads\/2025\/01\/LAG-Thy-Mors-Logo.webp 670w, https:\/\/kunsthalthy.dk\/wp-content\/uploads\/2025\/01\/LAG-Thy-Mors-Logo-300x60.webp 300w, https:\/\/kunsthalthy.dk\/wp-content\/uploads\/2025\/01\/LAG-Thy-Mors-Logo-18x4.webp 18w\" sizes=\"(max-width: 670px) 100vw, 670px\" \/>\t\t\t\t\t\t\t\t\t\t\t\t\t\t\t<\/div>\n\t\t\t\t<\/div>\n\t\t\t\t<\/div>\n\t\t\t\t<\/div>\n\t\t\t\t<\/div>\n\t\t\t\t\t<\/div>\n\t\t<\/div>\n\t\t\t\t\t<\/div>\n\t\t<\/section>\n\t\t\t\t<\/div>","protected":false},"excerpt":{"rendered":"<p>Om Kunsthal Thy Kunsthal Thy er et udstillingssted for samtidskunst p\u00e5 h\u00f8jt niveau. Kunsthallen befinder sig fra 2026 i et 400 kvm stort rum i laden til herreg\u00e5rden Boddum Bisgaard. Udstillingsstedets fokus er p\u00e5 skulptur, video og installation, som kan tage livtag med det markante rum. Kunsthal Thy \u00e5bnede I 2023 og initiativtager til billedkunstner [&hellip;]<\/p>\n","protected":false},"author":1,"featured_media":0,"parent":0,"menu_order":0,"comment_status":"closed","ping_status":"closed","template":"","meta":{"nf_dc_page":"","site-sidebar-layout":"no-sidebar","site-content-layout":"page-builder","ast-site-content-layout":"default","site-content-style":"default","site-sidebar-style":"default","ast-global-header-display":"","ast-banner-title-visibility":"","ast-main-header-display":"","ast-hfb-above-header-display":"","ast-hfb-below-header-display":"","ast-hfb-mobile-header-display":"","site-post-title":"disabled","ast-breadcrumbs-content":"","ast-featured-img":"disabled","footer-sml-layout":"","ast-disable-related-posts":"","theme-transparent-header-meta":"enabled","adv-header-id-meta":"","stick-header-meta":"","header-above-stick-meta":"","header-main-stick-meta":"","header-below-stick-meta":"","astra-migrate-meta-layouts":"default","ast-page-background-enabled":"default","ast-page-background-meta":{"desktop":{"background-color":"var(--ast-global-color-4)","background-image":"","background-repeat":"repeat","background-position":"center center","background-size":"auto","background-attachment":"scroll","background-type":"","background-media":"","overlay-type":"","overlay-color":"","overlay-opacity":"","overlay-gradient":""},"tablet":{"background-color":"","background-image":"","background-repeat":"repeat","background-position":"center center","background-size":"auto","background-attachment":"scroll","background-type":"","background-media":"","overlay-type":"","overlay-color":"","overlay-opacity":"","overlay-gradient":""},"mobile":{"background-color":"","background-image":"","background-repeat":"repeat","background-position":"center center","background-size":"auto","background-attachment":"scroll","background-type":"","background-media":"","overlay-type":"","overlay-color":"","overlay-opacity":"","overlay-gradient":""}},"ast-content-background-meta":{"desktop":{"background-color":"var(--ast-global-color-5)","background-image":"","background-repeat":"repeat","background-position":"center center","background-size":"auto","background-attachment":"scroll","background-type":"","background-media":"","overlay-type":"","overlay-color":"","overlay-opacity":"","overlay-gradient":""},"tablet":{"background-color":"var(--ast-global-color-5)","background-image":"","background-repeat":"repeat","background-position":"center center","background-size":"auto","background-attachment":"scroll","background-type":"","background-media":"","overlay-type":"","overlay-color":"","overlay-opacity":"","overlay-gradient":""},"mobile":{"background-color":"var(--ast-global-color-5)","background-image":"","background-repeat":"repeat","background-position":"center center","background-size":"auto","background-attachment":"scroll","background-type":"","background-media":"","overlay-type":"","overlay-color":"","overlay-opacity":"","overlay-gradient":""}},"h5ap_radio_sources":[],"footnotes":""},"class_list":["post-934","page","type-page","status-publish","hentry"],"_links":{"self":[{"href":"https:\/\/kunsthalthy.dk\/en\/wp-json\/wp\/v2\/pages\/934","targetHints":{"allow":["GET"]}}],"collection":[{"href":"https:\/\/kunsthalthy.dk\/en\/wp-json\/wp\/v2\/pages"}],"about":[{"href":"https:\/\/kunsthalthy.dk\/en\/wp-json\/wp\/v2\/types\/page"}],"author":[{"embeddable":true,"href":"https:\/\/kunsthalthy.dk\/en\/wp-json\/wp\/v2\/users\/1"}],"replies":[{"embeddable":true,"href":"https:\/\/kunsthalthy.dk\/en\/wp-json\/wp\/v2\/comments?post=934"}],"version-history":[{"count":5,"href":"https:\/\/kunsthalthy.dk\/en\/wp-json\/wp\/v2\/pages\/934\/revisions"}],"predecessor-version":[{"id":5146,"href":"https:\/\/kunsthalthy.dk\/en\/wp-json\/wp\/v2\/pages\/934\/revisions\/5146"}],"wp:attachment":[{"href":"https:\/\/kunsthalthy.dk\/en\/wp-json\/wp\/v2\/media?parent=934"}],"curies":[{"name":"wp","href":"https:\/\/api.w.org\/{rel}","templated":true}]}}