{"id":709,"date":"2023-06-18T13:14:58","date_gmt":"2023-06-18T13:14:58","guid":{"rendered":"https:\/\/kunsthalthy.dk\/?page_id=709"},"modified":"2025-03-18T20:26:08","modified_gmt":"2025-03-18T19:26:08","slug":"heine-kjaergaard-klausen","status":"publish","type":"page","link":"https:\/\/kunsthalthy.dk\/en\/year-2023\/heine-kjaergaard-klausen\/","title":{"rendered":"Heine Kj\u00e6rgaard Klausen"},"content":{"rendered":"<div data-elementor-type=\"wp-page\" data-elementor-id=\"709\" class=\"elementor elementor-709\" data-elementor-post-type=\"page\">\n\t\t\t\t\t\t<section class=\"elementor-section elementor-top-section elementor-element elementor-element-c50838b elementor-section-height-min-height elementor-section-full_width elementor-section-height-default elementor-section-items-middle\" data-id=\"c50838b\" data-element_type=\"section\" data-e-type=\"section\" data-settings=\"{&quot;background_background&quot;:&quot;classic&quot;}\">\n\t\t\t\t\t\t\t<div class=\"elementor-background-overlay\"><\/div>\n\t\t\t\t\t\t\t<div class=\"elementor-container elementor-column-gap-default\">\n\t\t\t\t\t<div class=\"elementor-column elementor-col-100 elementor-top-column elementor-element elementor-element-55b0429\" data-id=\"55b0429\" data-element_type=\"column\" data-e-type=\"column\">\n\t\t\t<div class=\"elementor-widget-wrap elementor-element-populated\">\n\t\t\t\t<div class=\"elementor-element elementor-element-fac0d22 e-flex e-con-boxed e-con e-parent\" data-id=\"fac0d22\" data-element_type=\"container\" data-e-type=\"container\">\n\t\t\t\t\t<div class=\"e-con-inner\">\n\t\t\t\t<div class=\"elementor-element elementor-element-a4df03a elementor-widget elementor-widget-heading\" data-id=\"a4df03a\" data-element_type=\"widget\" data-e-type=\"widget\" data-widget_type=\"heading.default\">\n\t\t\t\t<div class=\"elementor-widget-container\">\n\t\t\t\t\t<h2 class=\"elementor-heading-title elementor-size-default\">Heine Kj\u00e6rgaard Klausen<\/h2>\t\t\t\t<\/div>\n\t\t\t\t<\/div>\n\t\t\t\t<div class=\"elementor-element elementor-element-e5d901c elementor-widget elementor-widget-heading\" data-id=\"e5d901c\" data-element_type=\"widget\" data-e-type=\"widget\" data-widget_type=\"heading.default\">\n\t\t\t\t<div class=\"elementor-widget-container\">\n\t\t\t\t\t<h3 class=\"elementor-heading-title elementor-size-default\">Come Crawl all over Me<\/h3>\t\t\t\t<\/div>\n\t\t\t\t<\/div>\n\t\t\t\t<div class=\"elementor-element elementor-element-389b9d7 elementor-widget elementor-widget-heading\" data-id=\"389b9d7\" data-element_type=\"widget\" data-e-type=\"widget\" data-widget_type=\"heading.default\">\n\t\t\t\t<div class=\"elementor-widget-container\">\n\t\t\t\t\t<h3 class=\"elementor-heading-title elementor-size-default\">01.07.2023 - 30.07.2023<\/h3>\t\t\t\t<\/div>\n\t\t\t\t<\/div>\n\t\t\t\t<div class=\"elementor-element elementor-element-ca78152 elementor-widget-divider--view-line elementor-widget elementor-widget-divider\" data-id=\"ca78152\" data-element_type=\"widget\" data-e-type=\"widget\" data-widget_type=\"divider.default\">\n\t\t\t\t<div class=\"elementor-widget-container\">\n\t\t\t\t\t\t\t<div class=\"elementor-divider\">\n\t\t\t<span class=\"elementor-divider-separator\">\n\t\t\t\t\t\t<\/span>\n\t\t<\/div>\n\t\t\t\t\t\t<\/div>\n\t\t\t\t<\/div>\n\t\t\t\t<div class=\"elementor-element elementor-element-7b16fa2 elementor-widget elementor-widget-text-editor\" data-id=\"7b16fa2\" data-element_type=\"widget\" data-e-type=\"widget\" data-widget_type=\"text-editor.default\">\n\t\t\t\t<div class=\"elementor-widget-container\">\n\t\t\t\t\t\t\t\t\t<p><em>Come Crawl all over Me<\/em> Come Crawl all over Me is the first exhibition opening the newly founded Kunsthal Thy. The phrase comes from a Spiderman figure that seems to be crawling towards the viewer from one of the bed sheets on display. It is reminiscent of one of those catchy pop songs that put complicated emotions into simple words and thus help those who cannot (yet) express their feelings themselves. In the exhibition, such phrases adorn other children\u2019s bed sheets with motifs of music and sports idols. The idols cover dreaming adolescents and give them illustrations for the possible paths that lie ahead of them: professional football players, popstars, actors or singers. \u201cDon\u2019t you want to be like me?\u201d they seem to ask. But Heine Kj\u00e6rgaard Klausen, with his provocative rephrasing and exaggeration of seemingly harmless imagery and textual material from pop culture, draws attention to the aggressive, belligerent poses, the phallic accessories and clownish boyish smiles that they actually show. \u201cDo you (really) want to go to bed with me?\u201d Heine Kj\u00e6rgaard Klausen seems to be asking and thus, with humorous, homoerotic subtlety, encourages you to think about who you really want to identify with.<\/p><p>The sculptures that Heine Kj\u00e6rgaard Klausen presents at Kunsthal Thy speak a different language. They are casts or originals from flea market finds. The mannequins or decorative busts, have classical echoes and always show the same motif: the well-formed male torso. Heine Kj\u00e6rgaard Klausen arranges the bodies in a circle to form a round dance, cuts them in half and fuses them together. It is the male body as a visual object that cannot run away without legs, cannot defend itself without arms and cannot be asked for its opinion without the head. In contrast to the bed sheets, however, there is no criticism here of the glorification of an all-too-perfect male body, for it is precisely this body that is celebrated.<\/p><p>This text is written by art historian and curator Marina R\u00fcdiger.<\/p><p>Heine Kj\u00e6rgaard Klausen (DK \/ 1978) studied at the Royal Danish Academy of Fine Arts. He has exhibited at Viborg Kunsthal (DK) and M\u00f8stings Hus (DK), among others. In addition, Klausen has repeatedly shown performances and productions, for example in Den Frie and Overgaden (both in Copenhagen), on the island of \u00c6r\u00f8 and in New York. In 2015, Heine Kj\u00e6rgaard Klausen received a three-year work grant from the Danish Arts Foundation, and in 2019 Klausen curated the festival \u201cMellemting mellem ting\u201d, a three-day performance festival at Den Frie Kunsthal in Copenhagen, which was awarded a distinction by the Danish Arts Foundation.<\/p>\t\t\t\t\t\t\t\t<\/div>\n\t\t\t\t<\/div>\n\t\t\t\t\t<\/div>\n\t\t\t\t<\/div>\n\t\t\t\t\t<\/div>\n\t\t<\/div>\n\t\t\t\t\t<\/div>\n\t\t<\/section>\n\t\t\t\t<section class=\"elementor-section elementor-top-section elementor-element elementor-element-ba7b258 elementor-section-height-min-height elementor-section-full_width elementor-section-stretched elementor-section-height-default elementor-section-items-middle\" data-id=\"ba7b258\" data-element_type=\"section\" data-e-type=\"section\" data-settings=\"{&quot;background_background&quot;:&quot;classic&quot;,&quot;stretch_section&quot;:&quot;section-stretched&quot;}\">\n\t\t\t\t\t\t\t<div class=\"elementor-background-overlay\"><\/div>\n\t\t\t\t\t\t\t<div class=\"elementor-container elementor-column-gap-default\">\n\t\t\t\t\t<div class=\"elementor-column elementor-col-100 elementor-top-column elementor-element elementor-element-a502aa7\" data-id=\"a502aa7\" data-element_type=\"column\" data-e-type=\"column\">\n\t\t\t<div class=\"elementor-widget-wrap elementor-element-populated\">\n\t\t\t\t<div class=\"elementor-element elementor-element-1720c53 e-flex e-con-boxed e-con e-parent\" data-id=\"1720c53\" data-element_type=\"container\" data-e-type=\"container\">\n\t\t\t\t\t<div class=\"e-con-inner\">\n\t\t\t\t<div class=\"elementor-element elementor-element-a596371 elementor-widget elementor-widget-video\" data-id=\"a596371\" data-element_type=\"widget\" data-e-type=\"widget\" data-settings=\"{&quot;youtube_url&quot;:&quot;https:\\\/\\\/www.youtube.com\\\/watch?v=n42q095_BGg&quot;,&quot;video_type&quot;:&quot;youtube&quot;,&quot;controls&quot;:&quot;yes&quot;}\" data-widget_type=\"video.default\">\n\t\t\t\t<div class=\"elementor-widget-container\">\n\t\t\t\t\t\t\t<div class=\"elementor-wrapper elementor-open-inline\">\n\t\t\t<div class=\"elementor-video\"><\/div>\t\t<\/div>\n\t\t\t\t\t\t<\/div>\n\t\t\t\t<\/div>\n\t\t\t\t<div class=\"elementor-element elementor-element-47cb165 elementor-widget elementor-widget-gallery\" data-id=\"47cb165\" data-element_type=\"widget\" data-e-type=\"widget\" data-settings=\"{&quot;columns&quot;:2,&quot;gallery_layout&quot;:&quot;grid&quot;,&quot;columns_tablet&quot;:2,&quot;columns_mobile&quot;:1,&quot;gap&quot;:{&quot;unit&quot;:&quot;px&quot;,&quot;size&quot;:10,&quot;sizes&quot;:[]},&quot;gap_tablet&quot;:{&quot;unit&quot;:&quot;px&quot;,&quot;size&quot;:10,&quot;sizes&quot;:[]},&quot;gap_mobile&quot;:{&quot;unit&quot;:&quot;px&quot;,&quot;size&quot;:10,&quot;sizes&quot;:[]},&quot;link_to&quot;:&quot;file&quot;,&quot;aspect_ratio&quot;:&quot;3:2&quot;,&quot;content_hover_animation&quot;:&quot;fade-in&quot;}\" data-widget_type=\"gallery.default\">\n\t\t\t\t<div class=\"elementor-widget-container\">\n\t\t\t\t\t\t\t<div class=\"elementor-gallery__container\">\n\t\t\t\t\t\t\t<a class=\"e-gallery-item elementor-gallery-item elementor-animated-content\" href=\"https:\/\/kunsthalthy.dk\/wp-content\/uploads\/2023\/07\/Come-crawl-udstilling001_small.jpg\" data-elementor-open-lightbox=\"yes\" data-elementor-lightbox-slideshow=\"47cb165\" data-elementor-lightbox-description=\"Photo: Angelina Owino\" data-e-action-hash=\"#elementor-action%3Aaction%3Dlightbox%26settings%3DeyJpZCI6MjMzMywidXJsIjoiaHR0cHM6XC9cL2t1bnN0aGFsdGh5LmRrXC93cC1jb250ZW50XC91cGxvYWRzXC8yMDIzXC8wN1wvQ29tZS1jcmF3bC11ZHN0aWxsaW5nMDAxX3NtYWxsLmpwZyIsInNsaWRlc2hvdyI6IjQ3Y2IxNjUifQ%3D%3D\">\n\t\t\t\t\t<div class=\"e-gallery-image elementor-gallery-item__image\" data-thumbnail=\"https:\/\/kunsthalthy.dk\/wp-content\/uploads\/2023\/07\/Come-crawl-udstilling001_small.jpg\" data-width=\"1094\" data-height=\"729\" aria-label=\"\" role=\"img\" ><\/div>\n\t\t\t\t\t\t\t\t\t\t\t\t\t\t<\/a>\n\t\t\t\t\t\t\t<a class=\"e-gallery-item elementor-gallery-item elementor-animated-content\" href=\"https:\/\/kunsthalthy.dk\/wp-content\/uploads\/2023\/07\/Come-crawl-udstilling002_small.jpg\" data-elementor-open-lightbox=\"yes\" data-elementor-lightbox-slideshow=\"47cb165\" data-elementor-lightbox-description=\"Photo: Angelina Owino\" data-e-action-hash=\"#elementor-action%3Aaction%3Dlightbox%26settings%3DeyJpZCI6MjMzNCwidXJsIjoiaHR0cHM6XC9cL2t1bnN0aGFsdGh5LmRrXC93cC1jb250ZW50XC91cGxvYWRzXC8yMDIzXC8wN1wvQ29tZS1jcmF3bC11ZHN0aWxsaW5nMDAyX3NtYWxsLmpwZyIsInNsaWRlc2hvdyI6IjQ3Y2IxNjUifQ%3D%3D\">\n\t\t\t\t\t<div class=\"e-gallery-image elementor-gallery-item__image\" data-thumbnail=\"https:\/\/kunsthalthy.dk\/wp-content\/uploads\/2023\/07\/Come-crawl-udstilling002_small.jpg\" data-width=\"1116\" data-height=\"744\" aria-label=\"\" role=\"img\" ><\/div>\n\t\t\t\t\t\t\t\t\t\t\t\t\t\t<\/a>\n\t\t\t\t\t\t\t<a class=\"e-gallery-item elementor-gallery-item elementor-animated-content\" href=\"https:\/\/kunsthalthy.dk\/wp-content\/uploads\/2023\/07\/Come-crawl-udstilling003_small.jpg\" data-elementor-open-lightbox=\"yes\" data-elementor-lightbox-slideshow=\"47cb165\" data-elementor-lightbox-description=\"Photo: Angelina Owino\" data-e-action-hash=\"#elementor-action%3Aaction%3Dlightbox%26settings%3DeyJpZCI6MjM0MCwidXJsIjoiaHR0cHM6XC9cL2t1bnN0aGFsdGh5LmRrXC93cC1jb250ZW50XC91cGxvYWRzXC8yMDIzXC8wN1wvQ29tZS1jcmF3bC11ZHN0aWxsaW5nMDAzX3NtYWxsLmpwZyIsInNsaWRlc2hvdyI6IjQ3Y2IxNjUifQ%3D%3D\">\n\t\t\t\t\t<div class=\"e-gallery-image elementor-gallery-item__image\" data-thumbnail=\"https:\/\/kunsthalthy.dk\/wp-content\/uploads\/2023\/07\/Come-crawl-udstilling003_small.jpg\" data-width=\"1043\" data-height=\"695\" aria-label=\"\" role=\"img\" ><\/div>\n\t\t\t\t\t\t\t\t\t\t\t\t\t\t<\/a>\n\t\t\t\t\t\t\t<a class=\"e-gallery-item elementor-gallery-item elementor-animated-content\" href=\"https:\/\/kunsthalthy.dk\/wp-content\/uploads\/2023\/07\/Come-crawl-udstilling004_small.jpg\" data-elementor-open-lightbox=\"yes\" data-elementor-lightbox-slideshow=\"47cb165\" data-elementor-lightbox-description=\"Photo: Angelina Owino\" data-e-action-hash=\"#elementor-action%3Aaction%3Dlightbox%26settings%3DeyJpZCI6MjM0MSwidXJsIjoiaHR0cHM6XC9cL2t1bnN0aGFsdGh5LmRrXC93cC1jb250ZW50XC91cGxvYWRzXC8yMDIzXC8wN1wvQ29tZS1jcmF3bC11ZHN0aWxsaW5nMDA0X3NtYWxsLmpwZyIsInNsaWRlc2hvdyI6IjQ3Y2IxNjUifQ%3D%3D\">\n\t\t\t\t\t<div class=\"e-gallery-image elementor-gallery-item__image\" data-thumbnail=\"https:\/\/kunsthalthy.dk\/wp-content\/uploads\/2023\/07\/Come-crawl-udstilling004_small.jpg\" data-width=\"1078\" data-height=\"712\" aria-label=\"\" role=\"img\" ><\/div>\n\t\t\t\t\t\t\t\t\t\t\t\t\t\t<\/a>\n\t\t\t\t\t\t\t<a class=\"e-gallery-item elementor-gallery-item elementor-animated-content\" href=\"https:\/\/kunsthalthy.dk\/wp-content\/uploads\/2023\/07\/Come-crawl-udstilling005_small.jpg\" data-elementor-open-lightbox=\"yes\" data-elementor-lightbox-slideshow=\"47cb165\" data-elementor-lightbox-description=\"Photo: Angelina Owino\" data-e-action-hash=\"#elementor-action%3Aaction%3Dlightbox%26settings%3DeyJpZCI6MjM0MiwidXJsIjoiaHR0cHM6XC9cL2t1bnN0aGFsdGh5LmRrXC93cC1jb250ZW50XC91cGxvYWRzXC8yMDIzXC8wN1wvQ29tZS1jcmF3bC11ZHN0aWxsaW5nMDA1X3NtYWxsLmpwZyIsInNsaWRlc2hvdyI6IjQ3Y2IxNjUifQ%3D%3D\">\n\t\t\t\t\t<div class=\"e-gallery-image elementor-gallery-item__image\" data-thumbnail=\"https:\/\/kunsthalthy.dk\/wp-content\/uploads\/2023\/07\/Come-crawl-udstilling005_small.jpg\" data-width=\"1101\" data-height=\"734\" aria-label=\"\" role=\"img\" ><\/div>\n\t\t\t\t\t\t\t\t\t\t\t\t\t\t<\/a>\n\t\t\t\t\t\t\t<a class=\"e-gallery-item elementor-gallery-item elementor-animated-content\" href=\"https:\/\/kunsthalthy.dk\/wp-content\/uploads\/2023\/07\/Come-crawl-udstilling006_small.jpg\" data-elementor-open-lightbox=\"yes\" data-elementor-lightbox-slideshow=\"47cb165\" data-elementor-lightbox-description=\"Photo: Angelina Owino\" data-e-action-hash=\"#elementor-action%3Aaction%3Dlightbox%26settings%3DeyJpZCI6MjM5OSwidXJsIjoiaHR0cHM6XC9cL2t1bnN0aGFsdGh5LmRrXC93cC1jb250ZW50XC91cGxvYWRzXC8yMDIzXC8wN1wvQ29tZS1jcmF3bC11ZHN0aWxsaW5nMDA2X3NtYWxsLmpwZyIsInNsaWRlc2hvdyI6IjQ3Y2IxNjUifQ%3D%3D\">\n\t\t\t\t\t<div class=\"e-gallery-image elementor-gallery-item__image\" data-thumbnail=\"https:\/\/kunsthalthy.dk\/wp-content\/uploads\/2023\/07\/Come-crawl-udstilling006_small.jpg\" data-width=\"1101\" data-height=\"734\" aria-label=\"\" role=\"img\" ><\/div>\n\t\t\t\t\t\t\t\t\t\t\t\t\t\t<\/a>\n\t\t\t\t\t\t\t<a class=\"e-gallery-item elementor-gallery-item elementor-animated-content\" href=\"https:\/\/kunsthalthy.dk\/wp-content\/uploads\/2023\/07\/Come-crawl-udstilling007_small.jpg\" data-elementor-open-lightbox=\"yes\" data-elementor-lightbox-slideshow=\"47cb165\" data-elementor-lightbox-description=\"Photo: Angelina Owino\" data-e-action-hash=\"#elementor-action%3Aaction%3Dlightbox%26settings%3DeyJpZCI6MjQwMCwidXJsIjoiaHR0cHM6XC9cL2t1bnN0aGFsdGh5LmRrXC93cC1jb250ZW50XC91cGxvYWRzXC8yMDIzXC8wN1wvQ29tZS1jcmF3bC11ZHN0aWxsaW5nMDA3X3NtYWxsLmpwZyIsInNsaWRlc2hvdyI6IjQ3Y2IxNjUifQ%3D%3D\">\n\t\t\t\t\t<div class=\"e-gallery-image elementor-gallery-item__image\" data-thumbnail=\"https:\/\/kunsthalthy.dk\/wp-content\/uploads\/2023\/07\/Come-crawl-udstilling007_small.jpg\" data-width=\"710\" data-height=\"1065\" aria-label=\"\" role=\"img\" ><\/div>\n\t\t\t\t\t\t\t\t\t\t\t\t\t\t<\/a>\n\t\t\t\t\t\t\t<a class=\"e-gallery-item elementor-gallery-item elementor-animated-content\" href=\"https:\/\/kunsthalthy.dk\/wp-content\/uploads\/2023\/07\/Come-crawl-udstilling008_small.jpg\" data-elementor-open-lightbox=\"yes\" data-elementor-lightbox-slideshow=\"47cb165\" data-elementor-lightbox-description=\"Photo: Angelina Owino\" data-e-action-hash=\"#elementor-action%3Aaction%3Dlightbox%26settings%3DeyJpZCI6MjQwMSwidXJsIjoiaHR0cHM6XC9cL2t1bnN0aGFsdGh5LmRrXC93cC1jb250ZW50XC91cGxvYWRzXC8yMDIzXC8wN1wvQ29tZS1jcmF3bC11ZHN0aWxsaW5nMDA4X3NtYWxsLmpwZyIsInNsaWRlc2hvdyI6IjQ3Y2IxNjUifQ%3D%3D\">\n\t\t\t\t\t<div class=\"e-gallery-image elementor-gallery-item__image\" data-thumbnail=\"https:\/\/kunsthalthy.dk\/wp-content\/uploads\/2023\/07\/Come-crawl-udstilling008_small.jpg\" data-width=\"995\" data-height=\"663\" aria-label=\"\" role=\"img\" ><\/div>\n\t\t\t\t\t\t\t\t\t\t\t\t\t\t<\/a>\n\t\t\t\t\t\t\t<a class=\"e-gallery-item elementor-gallery-item elementor-animated-content\" href=\"https:\/\/kunsthalthy.dk\/wp-content\/uploads\/2023\/07\/Come-crawl-udstilling009_small.jpg\" data-elementor-open-lightbox=\"yes\" data-elementor-lightbox-slideshow=\"47cb165\" data-elementor-lightbox-description=\"Photo: Angelina Owino\" data-e-action-hash=\"#elementor-action%3Aaction%3Dlightbox%26settings%3DeyJpZCI6MjM0NiwidXJsIjoiaHR0cHM6XC9cL2t1bnN0aGFsdGh5LmRrXC93cC1jb250ZW50XC91cGxvYWRzXC8yMDIzXC8wN1wvQ29tZS1jcmF3bC11ZHN0aWxsaW5nMDA5X3NtYWxsLmpwZyIsInNsaWRlc2hvdyI6IjQ3Y2IxNjUifQ%3D%3D\">\n\t\t\t\t\t<div class=\"e-gallery-image elementor-gallery-item__image\" data-thumbnail=\"https:\/\/kunsthalthy.dk\/wp-content\/uploads\/2023\/07\/Come-crawl-udstilling009_small.jpg\" data-width=\"736\" data-height=\"1104\" aria-label=\"\" role=\"img\" ><\/div>\n\t\t\t\t\t\t\t\t\t\t\t\t\t\t<\/a>\n\t\t\t\t\t\t\t<a class=\"e-gallery-item elementor-gallery-item elementor-animated-content\" href=\"https:\/\/kunsthalthy.dk\/wp-content\/uploads\/2023\/07\/Come-crawl-udstilling010_small.jpg\" data-elementor-open-lightbox=\"yes\" data-elementor-lightbox-slideshow=\"47cb165\" data-elementor-lightbox-description=\"Photo: Angelina Owino\" data-e-action-hash=\"#elementor-action%3Aaction%3Dlightbox%26settings%3DeyJpZCI6MjM0NywidXJsIjoiaHR0cHM6XC9cL2t1bnN0aGFsdGh5LmRrXC93cC1jb250ZW50XC91cGxvYWRzXC8yMDIzXC8wN1wvQ29tZS1jcmF3bC11ZHN0aWxsaW5nMDEwX3NtYWxsLmpwZyIsInNsaWRlc2hvdyI6IjQ3Y2IxNjUifQ%3D%3D\">\n\t\t\t\t\t<div class=\"e-gallery-image elementor-gallery-item__image\" data-thumbnail=\"https:\/\/kunsthalthy.dk\/wp-content\/uploads\/2023\/07\/Come-crawl-udstilling010_small.jpg\" data-width=\"1082\" data-height=\"722\" aria-label=\"\" role=\"img\" ><\/div>\n\t\t\t\t\t\t\t\t\t\t\t\t\t\t<\/a>\n\t\t\t\t\t<\/div>\n\t\t\t\t\t<\/div>\n\t\t\t\t<\/div>\n\t\t\t\t\t<\/div>\n\t\t\t\t<\/div>\n\t\t\t\t\t<\/div>\n\t\t<\/div>\n\t\t\t\t\t<\/div>\n\t\t<\/section>\n\t\t\t\t<\/div>","protected":false},"excerpt":{"rendered":"<p>Heine Kj\u00e6rgaard Klausen Come Crawl all over Me 01.07.2023 &#8211; 30.07.2023 Come Crawl all over Me er den f\u00f8rste udstilling i den nystiftede Kunsthal Thy. Udtrykket kommer fra en Spiderman-figur, der ser ud til at kravle hen mod beskueren fra et af de udstillede dynebetr\u00e6k. Det giver mindelser om en af de der i\u00f8refaldende popsange, [&hellip;]<\/p>\n","protected":false},"author":1,"featured_media":0,"parent":3900,"menu_order":0,"comment_status":"closed","ping_status":"closed","template":"","meta":{"nf_dc_page":"","site-sidebar-layout":"no-sidebar","site-content-layout":"page-builder","ast-site-content-layout":"default","site-content-style":"default","site-sidebar-style":"default","ast-global-header-display":"","ast-banner-title-visibility":"","ast-main-header-display":"","ast-hfb-above-header-display":"","ast-hfb-below-header-display":"","ast-hfb-mobile-header-display":"","site-post-title":"disabled","ast-breadcrumbs-content":"","ast-featured-img":"disabled","footer-sml-layout":"","ast-disable-related-posts":"","theme-transparent-header-meta":"enabled","adv-header-id-meta":"","stick-header-meta":"","header-above-stick-meta":"","header-main-stick-meta":"","header-below-stick-meta":"","astra-migrate-meta-layouts":"default","ast-page-background-enabled":"default","ast-page-background-meta":{"desktop":{"background-color":"var(--ast-global-color-4)","background-image":"","background-repeat":"repeat","background-position":"center center","background-size":"auto","background-attachment":"scroll","background-type":"","background-media":"","overlay-type":"","overlay-color":"","overlay-opacity":"","overlay-gradient":""},"tablet":{"background-color":"","background-image":"","background-repeat":"repeat","background-position":"center center","background-size":"auto","background-attachment":"scroll","background-type":"","background-media":"","overlay-type":"","overlay-color":"","overlay-opacity":"","overlay-gradient":""},"mobile":{"background-color":"","background-image":"","background-repeat":"repeat","background-position":"center center","background-size":"auto","background-attachment":"scroll","background-type":"","background-media":"","overlay-type":"","overlay-color":"","overlay-opacity":"","overlay-gradient":""}},"ast-content-background-meta":{"desktop":{"background-color":"var(--ast-global-color-5)","background-image":"","background-repeat":"repeat","background-position":"center center","background-size":"auto","background-attachment":"scroll","background-type":"","background-media":"","overlay-type":"","overlay-color":"","overlay-opacity":"","overlay-gradient":""},"tablet":{"background-color":"var(--ast-global-color-5)","background-image":"","background-repeat":"repeat","background-position":"center center","background-size":"auto","background-attachment":"scroll","background-type":"","background-media":"","overlay-type":"","overlay-color":"","overlay-opacity":"","overlay-gradient":""},"mobile":{"background-color":"var(--ast-global-color-5)","background-image":"","background-repeat":"repeat","background-position":"center center","background-size":"auto","background-attachment":"scroll","background-type":"","background-media":"","overlay-type":"","overlay-color":"","overlay-opacity":"","overlay-gradient":""}},"h5ap_radio_sources":[],"footnotes":""},"class_list":["post-709","page","type-page","status-publish","hentry"],"_links":{"self":[{"href":"https:\/\/kunsthalthy.dk\/en\/wp-json\/wp\/v2\/pages\/709","targetHints":{"allow":["GET"]}}],"collection":[{"href":"https:\/\/kunsthalthy.dk\/en\/wp-json\/wp\/v2\/pages"}],"about":[{"href":"https:\/\/kunsthalthy.dk\/en\/wp-json\/wp\/v2\/types\/page"}],"author":[{"embeddable":true,"href":"https:\/\/kunsthalthy.dk\/en\/wp-json\/wp\/v2\/users\/1"}],"replies":[{"embeddable":true,"href":"https:\/\/kunsthalthy.dk\/en\/wp-json\/wp\/v2\/comments?post=709"}],"version-history":[{"count":5,"href":"https:\/\/kunsthalthy.dk\/en\/wp-json\/wp\/v2\/pages\/709\/revisions"}],"predecessor-version":[{"id":4503,"href":"https:\/\/kunsthalthy.dk\/en\/wp-json\/wp\/v2\/pages\/709\/revisions\/4503"}],"up":[{"embeddable":true,"href":"https:\/\/kunsthalthy.dk\/en\/wp-json\/wp\/v2\/pages\/3900"}],"wp:attachment":[{"href":"https:\/\/kunsthalthy.dk\/en\/wp-json\/wp\/v2\/media?parent=709"}],"curies":[{"name":"wp","href":"https:\/\/api.w.org\/{rel}","templated":true}]}}