{"id":5148,"date":"2026-03-23T13:48:54","date_gmt":"2026-03-23T12:48:54","guid":{"rendered":"https:\/\/kunsthalthy.dk\/?page_id=5148"},"modified":"2026-04-09T21:37:18","modified_gmt":"2026-04-09T19:37:18","slug":"yalda-afsah","status":"publish","type":"page","link":"https:\/\/kunsthalthy.dk\/en\/year-2026\/yalda-afsah\/","title":{"rendered":"Yalda Afsah"},"content":{"rendered":"<div data-elementor-type=\"wp-page\" data-elementor-id=\"5148\" class=\"elementor elementor-5148\" data-elementor-post-type=\"page\">\n\t\t\t\t\t\t<section class=\"elementor-section elementor-top-section elementor-element elementor-element-99f3d7c elementor-section-height-min-height elementor-section-full_width elementor-section-stretched elementor-section-height-default elementor-section-items-middle\" data-id=\"99f3d7c\" data-element_type=\"section\" data-e-type=\"section\" data-settings=\"{&quot;background_background&quot;:&quot;classic&quot;,&quot;stretch_section&quot;:&quot;section-stretched&quot;}\">\n\t\t\t\t\t\t\t<div class=\"elementor-background-overlay\"><\/div>\n\t\t\t\t\t\t\t<div class=\"elementor-container elementor-column-gap-default\">\n\t\t\t\t\t<div class=\"elementor-column elementor-col-100 elementor-top-column elementor-element elementor-element-0d1ff8f\" data-id=\"0d1ff8f\" data-element_type=\"column\" data-e-type=\"column\">\n\t\t\t<div class=\"elementor-widget-wrap elementor-element-populated\">\n\t\t\t\t<div class=\"elementor-element elementor-element-0852d93 e-flex e-con-boxed e-con e-parent\" data-id=\"0852d93\" data-element_type=\"container\" data-e-type=\"container\">\n\t\t\t\t\t<div class=\"e-con-inner\">\n\t\t\t\t<div class=\"elementor-element elementor-element-a4cd846 elementor-widget elementor-widget-text-editor\" data-id=\"a4cd846\" data-element_type=\"widget\" data-e-type=\"widget\" data-widget_type=\"text-editor.default\">\n\t\t\t\t<div class=\"elementor-widget-container\">\n\t\t\t\t\t\t\t\t\t<h6><span style=\"text-decoration: underline;\"><a href=\"https:\/\/kunsthalthy.dk\/wp-content\/uploads\/2026\/03\/Exhibition-text-Yalda-Afsah-Surge-Vereinfachte-Sprache-ENG.pdf\" target=\"_blank\" rel=\"noopener\">Exhibition text (Easy read)<\/a><\/span><\/h6>\t\t\t\t\t\t\t\t<\/div>\n\t\t\t\t<\/div>\n\t\t\t\t<div class=\"elementor-element elementor-element-704f1ae elementor-widget elementor-widget-heading\" data-id=\"704f1ae\" data-element_type=\"widget\" data-e-type=\"widget\" data-widget_type=\"heading.default\">\n\t\t\t\t<div class=\"elementor-widget-container\">\n\t\t\t\t\t<h2 class=\"elementor-heading-title elementor-size-default\">Yalda Afsah<\/h2>\t\t\t\t<\/div>\n\t\t\t\t<\/div>\n\t\t\t\t<div class=\"elementor-element elementor-element-facce90 elementor-widget elementor-widget-heading\" data-id=\"facce90\" data-element_type=\"widget\" data-e-type=\"widget\" data-widget_type=\"heading.default\">\n\t\t\t\t<div class=\"elementor-widget-container\">\n\t\t\t\t\t<h3 class=\"elementor-heading-title elementor-size-default\">Surge<\/h3>\t\t\t\t<\/div>\n\t\t\t\t<\/div>\n\t\t\t\t<div class=\"elementor-element elementor-element-ec2ba0c elementor-widget elementor-widget-heading\" data-id=\"ec2ba0c\" data-element_type=\"widget\" data-e-type=\"widget\" data-widget_type=\"heading.default\">\n\t\t\t\t<div class=\"elementor-widget-container\">\n\t\t\t\t\t<h3 class=\"elementor-heading-title elementor-size-default\">28.03.2026 - 24.05.2026<\/h3>\t\t\t\t<\/div>\n\t\t\t\t<\/div>\n\t\t\t\t<div class=\"elementor-element elementor-element-1dff161 elementor-widget-divider--view-line elementor-widget elementor-widget-divider\" data-id=\"1dff161\" data-element_type=\"widget\" data-e-type=\"widget\" data-widget_type=\"divider.default\">\n\t\t\t\t<div class=\"elementor-widget-container\">\n\t\t\t\t\t\t\t<div class=\"elementor-divider\">\n\t\t\t<span class=\"elementor-divider-separator\">\n\t\t\t\t\t\t<\/span>\n\t\t<\/div>\n\t\t\t\t\t\t<\/div>\n\t\t\t\t<\/div>\n\t\t\t\t<div class=\"elementor-element elementor-element-217b23a elementor-widget elementor-widget-text-editor\" data-id=\"217b23a\" data-element_type=\"widget\" data-e-type=\"widget\" data-widget_type=\"text-editor.default\">\n\t\t\t\t<div class=\"elementor-widget-container\">\n\t\t\t\t\t\t\t\t\t<p>With the exhibition Surge, Yalda Afsah presents her first exhibition in Denmark at Kunsthal\nThy. Her two videos Curro (2023) and Jarramplas (2025) come from two different bodies of\nwork. While Curro approaches human beings through their relationship with animals,\nJarramplas opens a new series that focuses on rituals as well as communal and social\ndynamics.<\/p><p>Curro begins with a view of a vast landscape in which wild horses are being driven together.\nOn the edges of the scene stands an observing audience. An atmosphere of calm and latent\nexpectation connects everyone present. Then the viewer sees the confinement of the tightly\nherded wild horses, which become nervous even at small gestures, such as the pace of a walk\nor the swing of an arm. Two men each restrain a horse in a very tight embrace in order to trim\nits tail and mane. The forced closeness leaves the flight animals visibly marked by the\nsituation.<\/p><p>The nighttime detonations with which the video Jarramplas begins appear both festive and\nthreatening. The streets that later appear in daylight resemble a siege. At first, individual\nyouths gather here; soon the crowd stands tightly packed, throwing turnips and ducking from\nprojectiles flying back toward them. The crowd repeatedly loosens and condenses until the\nconfusing situation suddenly comes to a halt and all gazes turn toward the center. The target\nof the attack remains unseen: it is the Jarramplas, the performer of a cattle thief protected by\narmor, who is symbolically driven out of the Spanish town of Piornal every year.<\/p><p>Such rituals are often found in rural areas, where communities are characterized by long-term\nties and continuity across generations. Their coexistence is often shaped by complex rules,\ncodes, and hierarchies that are difficult for outsiders to interpret. This is still perceptible today\nin the region of Thy, whose farming population was long governed from the estate Boddum\nBisgaard. Horses were indispensable here as working animals, and the hardy turnip was\nconsidered reliable food in times of uncertain harvests - an everyday element that gains an\nunexpected symbolic presence in the video.<\/p><p>Afsah\u2019s artistic practice recalls an anthropological approach: she explores the nature of human\nbeings, their relationships to the environment, and the cultural influences that shape their\nactions. Both video works share an aesthetic decision that clearly distinguishes them from\ndocumentary films. The precise selection of images and lighting isolates seemingly minor\nactions. The sound was separated from the original recordings and added to the videos\nafterward. The smallest noises - such as heavy breathing, the cracking of a twig, or the patting\nof a horse\u2019s back - become audible, as do sounds that seem not to fit the scenes, thereby\ndenying the viewer any clear certainty about what is happening. Reduced to what can actually\nbe perceived, it becomes apparent how strongly the viewer searches for orientation.<\/p><h3><strong>BIO<\/strong><\/h3><p>Afsah\u2019s works have been shown at various international exhibitions and film festivals,\nincluding Manifesta 13, the Locarno Film Festival, the New York Film Festival, as well as at\nthe Berlinische Galerie, the Institute of Contemporary Arts London, and the Neuer Berliner\nKunstverein. She has had solo exhibitions at Molitor in Berlin and the M\u00f6nchehaus Museum,\nat JOAN, during the residency Between Bridges, at the HALLE F\u00dcR KUNST Steiermark in\nGraz, at the Kunstverein Mu\u0308nchen, and at the CCA Berlin. In 2023 she received the Hans\nPurrmann Prize. Afsah teaches at the University of Fine Arts Hamburg (HfBK Hamburg).<\/p>\t\t\t\t\t\t\t\t<\/div>\n\t\t\t\t<\/div>\n\t\t\t\t\t<\/div>\n\t\t\t\t<\/div>\n\t\t\t\t\t<\/div>\n\t\t<\/div>\n\t\t\t\t\t<\/div>\n\t\t<\/section>\n\t\t\t\t<section class=\"elementor-section elementor-top-section elementor-element elementor-element-d2050ee elementor-section-full_width elementor-section-stretched elementor-section-height-default elementor-section-height-default\" data-id=\"d2050ee\" data-element_type=\"section\" data-e-type=\"section\" data-settings=\"{&quot;background_background&quot;:&quot;classic&quot;,&quot;stretch_section&quot;:&quot;section-stretched&quot;}\">\n\t\t\t\t\t\t\t<div class=\"elementor-background-overlay\"><\/div>\n\t\t\t\t\t\t\t<div class=\"elementor-container elementor-column-gap-default\">\n\t\t\t\t\t<div class=\"elementor-column elementor-col-100 elementor-top-column elementor-element elementor-element-0123bc4\" data-id=\"0123bc4\" data-element_type=\"column\" data-e-type=\"column\">\n\t\t\t<div class=\"elementor-widget-wrap elementor-element-populated\">\n\t\t\t\t<div class=\"elementor-element elementor-element-e749ae6 e-flex e-con-boxed e-con e-parent\" data-id=\"e749ae6\" data-element_type=\"container\" data-e-type=\"container\">\n\t\t\t\t\t<div class=\"e-con-inner\">\n\t\t\t\t<div class=\"elementor-element elementor-element-92ddb6e elementor-widget elementor-widget-gallery\" data-id=\"92ddb6e\" data-element_type=\"widget\" data-e-type=\"widget\" data-settings=\"{&quot;columns&quot;:2,&quot;gallery_layout&quot;:&quot;grid&quot;,&quot;columns_tablet&quot;:2,&quot;columns_mobile&quot;:1,&quot;gap&quot;:{&quot;unit&quot;:&quot;px&quot;,&quot;size&quot;:10,&quot;sizes&quot;:[]},&quot;gap_tablet&quot;:{&quot;unit&quot;:&quot;px&quot;,&quot;size&quot;:10,&quot;sizes&quot;:[]},&quot;gap_mobile&quot;:{&quot;unit&quot;:&quot;px&quot;,&quot;size&quot;:10,&quot;sizes&quot;:[]},&quot;link_to&quot;:&quot;file&quot;,&quot;aspect_ratio&quot;:&quot;3:2&quot;,&quot;content_hover_animation&quot;:&quot;fade-in&quot;}\" data-widget_type=\"gallery.default\">\n\t\t\t\t<div class=\"elementor-widget-container\">\n\t\t\t\t\t\t\t<div class=\"elementor-gallery__container\">\n\t\t\t\t\t\t\t<a class=\"e-gallery-item elementor-gallery-item elementor-animated-content\" href=\"https:\/\/kunsthalthy.dk\/wp-content\/uploads\/2026\/04\/Yalda-Afsah_Surge_Kunsthal-Thy_2026_photo-Jacob-Friis-Holm-Nielsen_JFH6239_A_sRGB_web-scaled.jpg\" data-elementor-open-lightbox=\"yes\" data-elementor-lightbox-slideshow=\"92ddb6e\" data-e-action-hash=\"#elementor-action%3Aaction%3Dlightbox%26settings%3DeyJpZCI6NTIyOCwidXJsIjoiaHR0cHM6XC9cL2t1bnN0aGFsdGh5LmRrXC93cC1jb250ZW50XC91cGxvYWRzXC8yMDI2XC8wNFwvWWFsZGEtQWZzYWhfU3VyZ2VfS3Vuc3RoYWwtVGh5XzIwMjZfcGhvdG8tSmFjb2ItRnJpaXMtSG9sbS1OaWVsc2VuX0pGSDYyMzlfQV9zUkdCX3dlYi1zY2FsZWQuanBnIiwic2xpZGVzaG93IjoiOTJkZGI2ZSJ9\">\n\t\t\t\t\t<div class=\"e-gallery-image elementor-gallery-item__image\" data-thumbnail=\"https:\/\/kunsthalthy.dk\/wp-content\/uploads\/2026\/04\/Yalda-Afsah_Surge_Kunsthal-Thy_2026_photo-Jacob-Friis-Holm-Nielsen_JFH6239_A_sRGB_web-scaled.jpg\" data-width=\"2560\" data-height=\"1707\" aria-label=\"\" role=\"img\" ><\/div>\n\t\t\t\t\t\t\t\t\t\t\t\t\t\t<\/a>\n\t\t\t\t\t\t\t<a class=\"e-gallery-item elementor-gallery-item elementor-animated-content\" href=\"https:\/\/kunsthalthy.dk\/wp-content\/uploads\/2026\/04\/Yalda-Afsah_Surge_Kunsthal-Thy_2026_photo-Jacob-Friis-Holm-Nielsen_JFH6236_B_sRGB_web-scaled.jpg\" data-elementor-open-lightbox=\"yes\" data-elementor-lightbox-slideshow=\"92ddb6e\" data-e-action-hash=\"#elementor-action%3Aaction%3Dlightbox%26settings%3DeyJpZCI6NTIyNywidXJsIjoiaHR0cHM6XC9cL2t1bnN0aGFsdGh5LmRrXC93cC1jb250ZW50XC91cGxvYWRzXC8yMDI2XC8wNFwvWWFsZGEtQWZzYWhfU3VyZ2VfS3Vuc3RoYWwtVGh5XzIwMjZfcGhvdG8tSmFjb2ItRnJpaXMtSG9sbS1OaWVsc2VuX0pGSDYyMzZfQl9zUkdCX3dlYi1zY2FsZWQuanBnIiwic2xpZGVzaG93IjoiOTJkZGI2ZSJ9\">\n\t\t\t\t\t<div class=\"e-gallery-image elementor-gallery-item__image\" data-thumbnail=\"https:\/\/kunsthalthy.dk\/wp-content\/uploads\/2026\/04\/Yalda-Afsah_Surge_Kunsthal-Thy_2026_photo-Jacob-Friis-Holm-Nielsen_JFH6236_B_sRGB_web-scaled.jpg\" data-width=\"1707\" data-height=\"2560\" aria-label=\"\" role=\"img\" ><\/div>\n\t\t\t\t\t\t\t\t\t\t\t\t\t\t<\/a>\n\t\t\t\t\t\t\t<a class=\"e-gallery-item elementor-gallery-item elementor-animated-content\" href=\"https:\/\/kunsthalthy.dk\/wp-content\/uploads\/2026\/04\/Yalda-Afsah_Surge_Kunsthal-Thy_2026_photo-Jacob-Friis-Holm-Nielsen_JFH6236_A_sRGB_web-scaled.jpg\" data-elementor-open-lightbox=\"yes\" data-elementor-lightbox-slideshow=\"92ddb6e\" data-e-action-hash=\"#elementor-action%3Aaction%3Dlightbox%26settings%3DeyJpZCI6NTIyNiwidXJsIjoiaHR0cHM6XC9cL2t1bnN0aGFsdGh5LmRrXC93cC1jb250ZW50XC91cGxvYWRzXC8yMDI2XC8wNFwvWWFsZGEtQWZzYWhfU3VyZ2VfS3Vuc3RoYWwtVGh5XzIwMjZfcGhvdG8tSmFjb2ItRnJpaXMtSG9sbS1OaWVsc2VuX0pGSDYyMzZfQV9zUkdCX3dlYi1zY2FsZWQuanBnIiwic2xpZGVzaG93IjoiOTJkZGI2ZSJ9\">\n\t\t\t\t\t<div class=\"e-gallery-image elementor-gallery-item__image\" data-thumbnail=\"https:\/\/kunsthalthy.dk\/wp-content\/uploads\/2026\/04\/Yalda-Afsah_Surge_Kunsthal-Thy_2026_photo-Jacob-Friis-Holm-Nielsen_JFH6236_A_sRGB_web-scaled.jpg\" data-width=\"1707\" data-height=\"2560\" aria-label=\"\" role=\"img\" ><\/div>\n\t\t\t\t\t\t\t\t\t\t\t\t\t\t<\/a>\n\t\t\t\t\t\t\t<a class=\"e-gallery-item elementor-gallery-item elementor-animated-content\" href=\"https:\/\/kunsthalthy.dk\/wp-content\/uploads\/2026\/04\/Yalda-Afsah_Surge_Kunsthal-Thy_2026_photo-Jacob-Friis-Holm-Nielsen_JFH6220_sRGB_web-scaled.jpg\" data-elementor-open-lightbox=\"yes\" data-elementor-lightbox-slideshow=\"92ddb6e\" data-e-action-hash=\"#elementor-action%3Aaction%3Dlightbox%26settings%3DeyJpZCI6NTIyNSwidXJsIjoiaHR0cHM6XC9cL2t1bnN0aGFsdGh5LmRrXC93cC1jb250ZW50XC91cGxvYWRzXC8yMDI2XC8wNFwvWWFsZGEtQWZzYWhfU3VyZ2VfS3Vuc3RoYWwtVGh5XzIwMjZfcGhvdG8tSmFjb2ItRnJpaXMtSG9sbS1OaWVsc2VuX0pGSDYyMjBfc1JHQl93ZWItc2NhbGVkLmpwZyIsInNsaWRlc2hvdyI6IjkyZGRiNmUifQ%3D%3D\">\n\t\t\t\t\t<div class=\"e-gallery-image elementor-gallery-item__image\" data-thumbnail=\"https:\/\/kunsthalthy.dk\/wp-content\/uploads\/2026\/04\/Yalda-Afsah_Surge_Kunsthal-Thy_2026_photo-Jacob-Friis-Holm-Nielsen_JFH6220_sRGB_web-scaled.jpg\" data-width=\"1709\" data-height=\"2560\" aria-label=\"\" role=\"img\" ><\/div>\n\t\t\t\t\t\t\t\t\t\t\t\t\t\t<\/a>\n\t\t\t\t\t\t\t<a class=\"e-gallery-item elementor-gallery-item elementor-animated-content\" href=\"https:\/\/kunsthalthy.dk\/wp-content\/uploads\/2026\/04\/Yalda-Afsah_Surge_Kunsthal-Thy_2026_photo-Jacob-Friis-Holm-Nielsen_JFH6210_sRGB_web-scaled.jpg\" data-elementor-open-lightbox=\"yes\" data-elementor-lightbox-slideshow=\"92ddb6e\" data-e-action-hash=\"#elementor-action%3Aaction%3Dlightbox%26settings%3DeyJpZCI6NTIyNCwidXJsIjoiaHR0cHM6XC9cL2t1bnN0aGFsdGh5LmRrXC93cC1jb250ZW50XC91cGxvYWRzXC8yMDI2XC8wNFwvWWFsZGEtQWZzYWhfU3VyZ2VfS3Vuc3RoYWwtVGh5XzIwMjZfcGhvdG8tSmFjb2ItRnJpaXMtSG9sbS1OaWVsc2VuX0pGSDYyMTBfc1JHQl93ZWItc2NhbGVkLmpwZyIsInNsaWRlc2hvdyI6IjkyZGRiNmUifQ%3D%3D\">\n\t\t\t\t\t<div class=\"e-gallery-image elementor-gallery-item__image\" data-thumbnail=\"https:\/\/kunsthalthy.dk\/wp-content\/uploads\/2026\/04\/Yalda-Afsah_Surge_Kunsthal-Thy_2026_photo-Jacob-Friis-Holm-Nielsen_JFH6210_sRGB_web-scaled.jpg\" data-width=\"1709\" data-height=\"2560\" aria-label=\"\" role=\"img\" ><\/div>\n\t\t\t\t\t\t\t\t\t\t\t\t\t\t<\/a>\n\t\t\t\t\t\t\t<a class=\"e-gallery-item elementor-gallery-item elementor-animated-content\" href=\"https:\/\/kunsthalthy.dk\/wp-content\/uploads\/2026\/04\/Yalda-Afsah_Surge_Kunsthal-Thy_2026_photo-Jacob-Friis-Holm-Nielsen_JFH6201_sRGB_web-scaled.jpg\" data-elementor-open-lightbox=\"yes\" data-elementor-lightbox-slideshow=\"92ddb6e\" data-e-action-hash=\"#elementor-action%3Aaction%3Dlightbox%26settings%3DeyJpZCI6NTIyMywidXJsIjoiaHR0cHM6XC9cL2t1bnN0aGFsdGh5LmRrXC93cC1jb250ZW50XC91cGxvYWRzXC8yMDI2XC8wNFwvWWFsZGEtQWZzYWhfU3VyZ2VfS3Vuc3RoYWwtVGh5XzIwMjZfcGhvdG8tSmFjb2ItRnJpaXMtSG9sbS1OaWVsc2VuX0pGSDYyMDFfc1JHQl93ZWItc2NhbGVkLmpwZyIsInNsaWRlc2hvdyI6IjkyZGRiNmUifQ%3D%3D\">\n\t\t\t\t\t<div class=\"e-gallery-image elementor-gallery-item__image\" data-thumbnail=\"https:\/\/kunsthalthy.dk\/wp-content\/uploads\/2026\/04\/Yalda-Afsah_Surge_Kunsthal-Thy_2026_photo-Jacob-Friis-Holm-Nielsen_JFH6201_sRGB_web-scaled.jpg\" data-width=\"2560\" data-height=\"1707\" aria-label=\"\" role=\"img\" ><\/div>\n\t\t\t\t\t\t\t\t\t\t\t\t\t\t<\/a>\n\t\t\t\t\t\t\t<a class=\"e-gallery-item elementor-gallery-item elementor-animated-content\" href=\"https:\/\/kunsthalthy.dk\/wp-content\/uploads\/2026\/04\/Yalda-Afsah_Surge_Kunsthal-Thy_2026_photo-Jacob-Friis-Holm-Nielsen_JFH6201_3_sRGB_web-scaled.jpg\" data-elementor-open-lightbox=\"yes\" data-elementor-lightbox-slideshow=\"92ddb6e\" data-e-action-hash=\"#elementor-action%3Aaction%3Dlightbox%26settings%3DeyJpZCI6NTIyMiwidXJsIjoiaHR0cHM6XC9cL2t1bnN0aGFsdGh5LmRrXC93cC1jb250ZW50XC91cGxvYWRzXC8yMDI2XC8wNFwvWWFsZGEtQWZzYWhfU3VyZ2VfS3Vuc3RoYWwtVGh5XzIwMjZfcGhvdG8tSmFjb2ItRnJpaXMtSG9sbS1OaWVsc2VuX0pGSDYyMDFfM19zUkdCX3dlYi1zY2FsZWQuanBnIiwic2xpZGVzaG93IjoiOTJkZGI2ZSJ9\">\n\t\t\t\t\t<div class=\"e-gallery-image elementor-gallery-item__image\" data-thumbnail=\"https:\/\/kunsthalthy.dk\/wp-content\/uploads\/2026\/04\/Yalda-Afsah_Surge_Kunsthal-Thy_2026_photo-Jacob-Friis-Holm-Nielsen_JFH6201_3_sRGB_web-scaled.jpg\" data-width=\"2560\" data-height=\"1707\" aria-label=\"\" role=\"img\" ><\/div>\n\t\t\t\t\t\t\t\t\t\t\t\t\t\t<\/a>\n\t\t\t\t\t\t\t<a class=\"e-gallery-item elementor-gallery-item elementor-animated-content\" href=\"https:\/\/kunsthalthy.dk\/wp-content\/uploads\/2026\/04\/Yalda-Afsah_Surge_Kunsthal-Thy_2026_photo-Jacob-Friis-Holm-Nielsen_JFH6201_2_sRGB_web-scaled.jpg\" data-elementor-open-lightbox=\"yes\" data-elementor-lightbox-slideshow=\"92ddb6e\" data-e-action-hash=\"#elementor-action%3Aaction%3Dlightbox%26settings%3DeyJpZCI6NTIyMSwidXJsIjoiaHR0cHM6XC9cL2t1bnN0aGFsdGh5LmRrXC93cC1jb250ZW50XC91cGxvYWRzXC8yMDI2XC8wNFwvWWFsZGEtQWZzYWhfU3VyZ2VfS3Vuc3RoYWwtVGh5XzIwMjZfcGhvdG8tSmFjb2ItRnJpaXMtSG9sbS1OaWVsc2VuX0pGSDYyMDFfMl9zUkdCX3dlYi1zY2FsZWQuanBnIiwic2xpZGVzaG93IjoiOTJkZGI2ZSJ9\">\n\t\t\t\t\t<div class=\"e-gallery-image elementor-gallery-item__image\" data-thumbnail=\"https:\/\/kunsthalthy.dk\/wp-content\/uploads\/2026\/04\/Yalda-Afsah_Surge_Kunsthal-Thy_2026_photo-Jacob-Friis-Holm-Nielsen_JFH6201_2_sRGB_web-scaled.jpg\" data-width=\"2560\" data-height=\"1707\" aria-label=\"\" role=\"img\" ><\/div>\n\t\t\t\t\t\t\t\t\t\t\t\t\t\t<\/a>\n\t\t\t\t\t\t\t<a class=\"e-gallery-item elementor-gallery-item elementor-animated-content\" href=\"https:\/\/kunsthalthy.dk\/wp-content\/uploads\/2026\/04\/Yalda-Afsah_Surge_Kunsthal-Thy_2026_photo-Jacob-Friis-Holm-Nielsen_JFH6186_A_sRGB_web-scaled.jpg\" data-elementor-open-lightbox=\"yes\" data-elementor-lightbox-slideshow=\"92ddb6e\" data-e-action-hash=\"#elementor-action%3Aaction%3Dlightbox%26settings%3DeyJpZCI6NTIyMCwidXJsIjoiaHR0cHM6XC9cL2t1bnN0aGFsdGh5LmRrXC93cC1jb250ZW50XC91cGxvYWRzXC8yMDI2XC8wNFwvWWFsZGEtQWZzYWhfU3VyZ2VfS3Vuc3RoYWwtVGh5XzIwMjZfcGhvdG8tSmFjb2ItRnJpaXMtSG9sbS1OaWVsc2VuX0pGSDYxODZfQV9zUkdCX3dlYi1zY2FsZWQuanBnIiwic2xpZGVzaG93IjoiOTJkZGI2ZSJ9\">\n\t\t\t\t\t<div class=\"e-gallery-image elementor-gallery-item__image\" data-thumbnail=\"https:\/\/kunsthalthy.dk\/wp-content\/uploads\/2026\/04\/Yalda-Afsah_Surge_Kunsthal-Thy_2026_photo-Jacob-Friis-Holm-Nielsen_JFH6186_A_sRGB_web-scaled.jpg\" data-width=\"2560\" data-height=\"1707\" aria-label=\"\" role=\"img\" ><\/div>\n\t\t\t\t\t\t\t\t\t\t\t\t\t\t<\/a>\n\t\t\t\t\t\t\t<a class=\"e-gallery-item elementor-gallery-item elementor-animated-content\" href=\"https:\/\/kunsthalthy.dk\/wp-content\/uploads\/2026\/04\/Yalda-Afsah_Surge_Kunsthal-Thy_2026_photo-Jacob-Friis-Holm-Nielsen_JFH6163_sRGB_web-scaled.jpg\" data-elementor-open-lightbox=\"yes\" data-elementor-lightbox-slideshow=\"92ddb6e\" data-e-action-hash=\"#elementor-action%3Aaction%3Dlightbox%26settings%3DeyJpZCI6NTIxOSwidXJsIjoiaHR0cHM6XC9cL2t1bnN0aGFsdGh5LmRrXC93cC1jb250ZW50XC91cGxvYWRzXC8yMDI2XC8wNFwvWWFsZGEtQWZzYWhfU3VyZ2VfS3Vuc3RoYWwtVGh5XzIwMjZfcGhvdG8tSmFjb2ItRnJpaXMtSG9sbS1OaWVsc2VuX0pGSDYxNjNfc1JHQl93ZWItc2NhbGVkLmpwZyIsInNsaWRlc2hvdyI6IjkyZGRiNmUifQ%3D%3D\">\n\t\t\t\t\t<div class=\"e-gallery-image elementor-gallery-item__image\" data-thumbnail=\"https:\/\/kunsthalthy.dk\/wp-content\/uploads\/2026\/04\/Yalda-Afsah_Surge_Kunsthal-Thy_2026_photo-Jacob-Friis-Holm-Nielsen_JFH6163_sRGB_web-scaled.jpg\" data-width=\"2560\" data-height=\"1707\" aria-label=\"\" role=\"img\" ><\/div>\n\t\t\t\t\t\t\t\t\t\t\t\t\t\t<\/a>\n\t\t\t\t\t\t\t<a class=\"e-gallery-item elementor-gallery-item elementor-animated-content\" href=\"https:\/\/kunsthalthy.dk\/wp-content\/uploads\/2026\/04\/Yalda-Afsah_Surge_Kunsthal-Thy_2026_photo-Jacob-Friis-Holm-Nielsen_JFH6163_2_sRGB_web-scaled.jpg\" data-elementor-open-lightbox=\"yes\" data-elementor-lightbox-slideshow=\"92ddb6e\" data-e-action-hash=\"#elementor-action%3Aaction%3Dlightbox%26settings%3DeyJpZCI6NTIxOCwidXJsIjoiaHR0cHM6XC9cL2t1bnN0aGFsdGh5LmRrXC93cC1jb250ZW50XC91cGxvYWRzXC8yMDI2XC8wNFwvWWFsZGEtQWZzYWhfU3VyZ2VfS3Vuc3RoYWwtVGh5XzIwMjZfcGhvdG8tSmFjb2ItRnJpaXMtSG9sbS1OaWVsc2VuX0pGSDYxNjNfMl9zUkdCX3dlYi1zY2FsZWQuanBnIiwic2xpZGVzaG93IjoiOTJkZGI2ZSJ9\">\n\t\t\t\t\t<div class=\"e-gallery-image elementor-gallery-item__image\" data-thumbnail=\"https:\/\/kunsthalthy.dk\/wp-content\/uploads\/2026\/04\/Yalda-Afsah_Surge_Kunsthal-Thy_2026_photo-Jacob-Friis-Holm-Nielsen_JFH6163_2_sRGB_web-scaled.jpg\" data-width=\"2560\" data-height=\"1707\" aria-label=\"\" role=\"img\" ><\/div>\n\t\t\t\t\t\t\t\t\t\t\t\t\t\t<\/a>\n\t\t\t\t\t\t\t<a class=\"e-gallery-item elementor-gallery-item elementor-animated-content\" href=\"https:\/\/kunsthalthy.dk\/wp-content\/uploads\/2026\/04\/Kunsthal-Thy-Abning-2026-WebSize-scaled.jpg\" data-elementor-open-lightbox=\"yes\" data-elementor-lightbox-slideshow=\"92ddb6e\" data-e-action-hash=\"#elementor-action%3Aaction%3Dlightbox%26settings%3DeyJpZCI6NTIxNywidXJsIjoiaHR0cHM6XC9cL2t1bnN0aGFsdGh5LmRrXC93cC1jb250ZW50XC91cGxvYWRzXC8yMDI2XC8wNFwvS3Vuc3RoYWwtVGh5LUFibmluZy0yMDI2LVdlYlNpemUtc2NhbGVkLmpwZyIsInNsaWRlc2hvdyI6IjkyZGRiNmUifQ%3D%3D\">\n\t\t\t\t\t<div class=\"e-gallery-image elementor-gallery-item__image\" data-thumbnail=\"https:\/\/kunsthalthy.dk\/wp-content\/uploads\/2026\/04\/Kunsthal-Thy-Abning-2026-WebSize-scaled.jpg\" data-width=\"2560\" data-height=\"1707\" aria-label=\"\" role=\"img\" ><\/div>\n\t\t\t\t\t\t\t\t\t\t\t\t\t\t<\/a>\n\t\t\t\t\t\t\t<a class=\"e-gallery-item elementor-gallery-item elementor-animated-content\" href=\"https:\/\/kunsthalthy.dk\/wp-content\/uploads\/2026\/04\/Kunsthal-Thy-Abning-2026-WebSize-2-scaled.jpg\" data-elementor-open-lightbox=\"yes\" data-elementor-lightbox-slideshow=\"92ddb6e\" data-e-action-hash=\"#elementor-action%3Aaction%3Dlightbox%26settings%3DeyJpZCI6NTIxNiwidXJsIjoiaHR0cHM6XC9cL2t1bnN0aGFsdGh5LmRrXC93cC1jb250ZW50XC91cGxvYWRzXC8yMDI2XC8wNFwvS3Vuc3RoYWwtVGh5LUFibmluZy0yMDI2LVdlYlNpemUtMi1zY2FsZWQuanBnIiwic2xpZGVzaG93IjoiOTJkZGI2ZSJ9\">\n\t\t\t\t\t<div class=\"e-gallery-image elementor-gallery-item__image\" data-thumbnail=\"https:\/\/kunsthalthy.dk\/wp-content\/uploads\/2026\/04\/Kunsthal-Thy-Abning-2026-WebSize-2-scaled.jpg\" data-width=\"1707\" data-height=\"2560\" aria-label=\"\" role=\"img\" ><\/div>\n\t\t\t\t\t\t\t\t\t\t\t\t\t\t<\/a>\n\t\t\t\t\t<\/div>\n\t\t\t\t\t<\/div>\n\t\t\t\t<\/div>\n\t\t\t\t\t<\/div>\n\t\t\t\t<\/div>\n\t\t\t\t\t<\/div>\n\t\t<\/div>\n\t\t\t\t\t<\/div>\n\t\t<\/section>\n\t\t\t\t<\/div>","protected":false},"excerpt":{"rendered":"<p>Udstillingstekst (forenklet sprog) Yalda Afsah Surge 28.03.2026 &#8211; 24.05.2026 Med udstillingen Surge pr\u00e6senterer Yalda Afsah sin f\u00f8rste udstilling i Danmark i Kunsthal Thy. Hendes to videov\u00e6rker, Curro (2023) og Jarramplas (2025), stammer fra to forskellige v\u00e6rkcyklusser. Mens Curro unders\u00f8ger mennesket gennem dets omgang med dyr, indleder Jarramplas en ny serie, der s\u00e6tter ritualer samt f\u00e6llesskabelige [&hellip;]<\/p>\n","protected":false},"author":1,"featured_media":0,"parent":5002,"menu_order":0,"comment_status":"closed","ping_status":"closed","template":"elementor_header_footer","meta":{"nf_dc_page":"","site-sidebar-layout":"no-sidebar","site-content-layout":"page-builder","ast-site-content-layout":"default","site-content-style":"default","site-sidebar-style":"default","ast-global-header-display":"","ast-banner-title-visibility":"","ast-main-header-display":"","ast-hfb-above-header-display":"","ast-hfb-below-header-display":"","ast-hfb-mobile-header-display":"","site-post-title":"disabled","ast-breadcrumbs-content":"","ast-featured-img":"disabled","footer-sml-layout":"","ast-disable-related-posts":"","theme-transparent-header-meta":"","adv-header-id-meta":"","stick-header-meta":"","header-above-stick-meta":"","header-main-stick-meta":"","header-below-stick-meta":"","astra-migrate-meta-layouts":"set","ast-page-background-enabled":"default","ast-page-background-meta":{"desktop":{"background-color":"var(--ast-global-color-4)","background-image":"","background-repeat":"repeat","background-position":"center center","background-size":"auto","background-attachment":"scroll","background-type":"","background-media":"","overlay-type":"","overlay-color":"","overlay-opacity":"","overlay-gradient":""},"tablet":{"background-color":"","background-image":"","background-repeat":"repeat","background-position":"center center","background-size":"auto","background-attachment":"scroll","background-type":"","background-media":"","overlay-type":"","overlay-color":"","overlay-opacity":"","overlay-gradient":""},"mobile":{"background-color":"","background-image":"","background-repeat":"repeat","background-position":"center center","background-size":"auto","background-attachment":"scroll","background-type":"","background-media":"","overlay-type":"","overlay-color":"","overlay-opacity":"","overlay-gradient":""}},"ast-content-background-meta":{"desktop":{"background-color":"var(--ast-global-color-5)","background-image":"","background-repeat":"repeat","background-position":"center center","background-size":"auto","background-attachment":"scroll","background-type":"","background-media":"","overlay-type":"","overlay-color":"","overlay-opacity":"","overlay-gradient":""},"tablet":{"background-color":"var(--ast-global-color-5)","background-image":"","background-repeat":"repeat","background-position":"center center","background-size":"auto","background-attachment":"scroll","background-type":"","background-media":"","overlay-type":"","overlay-color":"","overlay-opacity":"","overlay-gradient":""},"mobile":{"background-color":"var(--ast-global-color-5)","background-image":"","background-repeat":"repeat","background-position":"center center","background-size":"auto","background-attachment":"scroll","background-type":"","background-media":"","overlay-type":"","overlay-color":"","overlay-opacity":"","overlay-gradient":""}},"h5ap_radio_sources":[],"footnotes":""},"class_list":["post-5148","page","type-page","status-publish","hentry"],"_links":{"self":[{"href":"https:\/\/kunsthalthy.dk\/en\/wp-json\/wp\/v2\/pages\/5148","targetHints":{"allow":["GET"]}}],"collection":[{"href":"https:\/\/kunsthalthy.dk\/en\/wp-json\/wp\/v2\/pages"}],"about":[{"href":"https:\/\/kunsthalthy.dk\/en\/wp-json\/wp\/v2\/types\/page"}],"author":[{"embeddable":true,"href":"https:\/\/kunsthalthy.dk\/en\/wp-json\/wp\/v2\/users\/1"}],"replies":[{"embeddable":true,"href":"https:\/\/kunsthalthy.dk\/en\/wp-json\/wp\/v2\/comments?post=5148"}],"version-history":[{"count":5,"href":"https:\/\/kunsthalthy.dk\/en\/wp-json\/wp\/v2\/pages\/5148\/revisions"}],"predecessor-version":[{"id":5231,"href":"https:\/\/kunsthalthy.dk\/en\/wp-json\/wp\/v2\/pages\/5148\/revisions\/5231"}],"up":[{"embeddable":true,"href":"https:\/\/kunsthalthy.dk\/en\/wp-json\/wp\/v2\/pages\/5002"}],"wp:attachment":[{"href":"https:\/\/kunsthalthy.dk\/en\/wp-json\/wp\/v2\/media?parent=5148"}],"curies":[{"name":"wp","href":"https:\/\/api.w.org\/{rel}","templated":true}]}}